{"id":1336,"date":"2023-04-04T12:25:11","date_gmt":"2023-04-04T10:25:11","guid":{"rendered":"https:\/\/www.campingallagodilago.it\/?page_id=1336"},"modified":"2023-07-19T09:14:44","modified_gmt":"2023-07-19T07:14:44","slug":"privacy-policy","status":"publish","type":"page","link":"https:\/\/www.campingallagodilago.it\/de\/privacy-policy\/","title":{"rendered":"Privacy Policy"},"content":{"rendered":"\n<p><strong>CAMELOT S.N.C. DI BEGGIORA GIORGIO &amp; C. <\/strong>con sede legale in Localit\u00e0 Fratta 89, 31020 \u2013 Tarzo \u2013 Treviso, Partita IVA n. 00942270257 (di seguito, \u201c<strong>Titolare<\/strong>\u201d), proprietario del sito internet<a href=\"http:\/\/www.campingallagodilago.it\/\"> http:\/\/www.campingallagodilago.it\/<\/a> (di seguito, il \u201c<strong>Sito<\/strong>\u201d), in qualit\u00e0 di <strong>titolare del trattamento<\/strong> <strong>dei dati personali<\/strong> degli utenti che navigano e che sono iscritti al Sito (di seguito, gli \u201c<strong>Utenti<\/strong>\u201d) fornisce qui di seguito l\u2019informativa privacy ai sensi dell\u2019art. 13 del D.Lgs. 196\/2003 (di seguito, il \u201c<strong>Codice Privacy<\/strong>\u201d) e ai sensi dell\u2019art. 13 del Regolamento UE 2016\/679 del 27 aprile 2016 (di seguito, \u201c<strong>Regolamento<\/strong>\u201d, il Regolamento e il Codice Privacy sono insieme definiti \u201c<strong>Normativa Applicabile<\/strong>\u201d).<\/p>\n\n\n\n<p>&nbsp;Questo Sito e i servizi eventualmente offerti tramite il Sito sono riservati a soggetti che hanno compiuto il diciottesimo anno di et\u00e0. Il Titolare non raccoglie quindi dati personali relativi ai soggetti minori di anni 18. Su richiesta degli Utenti, il Titolare canceller\u00e0 tempestivamente tutti i dati personali involontariamente raccolti e relativi a soggetti minori di anni 18.<\/p>\n\n\n\n<p>&nbsp;Il Titolare tiene nella massima considerazione il diritto alla privacy ed alla protezione dei dati personali dei propri Utenti. Per ogni informazione in relazione alla presente informativa privacy, gli Utenti possono <strong>contattare il Titolare<\/strong> in qualsiasi momento, utilizzando le seguenti modalit\u00e0:<\/p>\n\n\n\n<ul class=\"wp-block-list\">\n<li>Inviando una raccomandata a\/r alla sede legale del Titolare&nbsp;<\/li>\n\n\n\n<li>Inviando un messaggio di posta elettronica all\u2019indirizzo info@campingallagodilago.it;<\/li>\n<\/ul>\n\n\n\n<p><strong>1. Finalit\u00e0 del trattamento\u00a0<\/strong><\/p>\n\n\n\n<p>I dati personali degli Utenti saranno trattati lecitamente dal Titolare ai sensi dell\u2019art. 6 del Regolamento per le seguenti finalit\u00e0 di trattamento:&nbsp;<\/p>\n\n\n\n<ul class=\"wp-block-list\">\n<li><strong>navigazione del sito, <\/strong>in relazione alla possibilit\u00e0 di rilevare dati dell\u2019Utente necessari a livello tecnico, quali ad es. l\u2019indirizzo IP, durante la navigazione del sito.<\/li>\n\n\n\n<li><strong>finalit\u00e0 amministrativo-contabili<\/strong>, ovvero per svolgere attivit\u00e0 di natura organizzativa, amministrativa, finanziaria e contabile, quali attivit\u00e0 organizzative interne ed attivit\u00e0 funzionali all\u2019adempimento di obblighi contrattuali e precontrattuali;<\/li>\n\n\n\n<li><strong>Risposta a sue specifiche richieste<\/strong>, a noi pervenute tramite lo specifico form di contatto contenuto sul sito alla pagina http:\/\/www.esempio.com\/contattaci;<\/li>\n\n\n\n<li><strong>obblighi di legge<\/strong>, ovvero per adempiere ad obblighi previsti dalla legge, da un\u2019autorit\u00e0, da un regolamento o dalla normativa europea.<\/li>\n<\/ul>\n\n\n\n<p>Il conferimento dei dati personali per le finalit\u00e0 di trattamento sopra indicate \u00e8 facoltativo ma necessario, poich\u00e9 il mancato conferimento degli stessi comporter\u00e0 l\u2019impossibilit\u00e0 per l\u2019Utente di navigare sul sito, iscriversi al Sito e usufruire dei servizi offerti dal Titolare sul Sito.<\/p>\n\n\n\n<p><strong>2.\u00a0Modalit\u00e0 di trattamento e tempi di conservazione dei dati\u00a0<\/strong><\/p>\n\n\n\n<p>Il Titolare tratter\u00e0 i dati personali degli Utenti mediante strumenti manuali ed informatici, con logiche strettamente correlate alle finalit\u00e0 stesse e, comunque, in modo da garantire la sicurezza e la riservatezza dei dati stessi.<\/p>\n\n\n\n<p>&nbsp;I dati personali degli Utenti del Sito saranno conservati per i tempi strettamente necessari ad espletare le finalit\u00e0 primarie illustrate al precedente paragrafo 1, o comunque secondo quanto necessario per la tutela in sede civilistica degli interessi sia degli Utenti che del Titolare.<\/p>\n\n\n\n<p>&nbsp;Nei casi di cui al precedente paragrafo 2 i dati personali degli Utenti saranno conservati per i tempi strettamente necessari ad espletare le finalit\u00e0 illustrate negli stessi e, in ogni caso nei limiti di cui alla Normativa Applicabile.<\/p>\n\n\n\n<p><strong>3. Base giuridica del trattamento<\/strong><\/p>\n\n\n\n<p>Con riferimento alle finalit\u00e0 di cui ai punti (1\/a e 1\/c), la base giuridica del trattamento \u00e8 infatti l\u2019esecuzione dei servizi forniti attraverso il Sito e da Lei richiesti (ai sensi dell\u2019articolo 6, comma 1, lett. b del Regolamento Privacy 2016\/679); con riferimento alle finalit\u00e0 facoltative di cui ai punti (1\/e, 1\/f) del precedente paragrafo, la base giuridica del trattamento \u00e8 il Suo eventuale consenso espresso liberamente (ai sensi dell\u2019articolo 6, comma 1, lett. a del Regolamento Privacy 2016\/679); con riferimento alle finalit\u00e0 di cui ai punti (1\/b, 1\/d) del precedente paragrafo, la base giuridica del trattamento \u00e8 di adempiere un obbligo legale al quale \u00e8 soggetto il titolare del trattamento (ai sensi dell\u2019articolo 6, comma 1, lett. c del Regolamento Privacy 2016\/679).<\/p>\n\n\n\n<p><strong>\u00a04. Ambito di comunicazione e diffusione dei dati<\/strong><\/p>\n\n\n\n<p>Potranno venire a conoscenza dei dati personali degli Utenti i dipendenti e\/o collaboratori del Titolare incaricati di gestire il Sito. Tali soggetti, che sono formalmente nominati dal Titolare quali \u201cincaricati del trattamento\u201d, tratteranno i dati dell\u2019Utente esclusivamente per le finalit\u00e0 indicate nella presente informativa e nel rispetto delle previsioni della Normativa Applicabile.<\/p>\n\n\n\n<p>&nbsp;Potranno inoltre venire a conoscenza dei dati personali degli Utenti i soggetti terzi che potranno trattare dati personali per conto del Titolare in qualit\u00e0 di \u201c<strong>Responsabili Esterni del Trattamento<\/strong>\u201d, quali, a titolo esemplificativo, fornitori di servizi informatici e logistici funzionali all\u2019operativit\u00e0 del Sito, fornitori di servizi in <em>outsourcing<\/em> o <em>cloud computing<\/em>, professionisti e consulenti.<\/p>\n\n\n\n<p>Gli Utenti hanno il diritto di ottenere una lista degli eventuali responsabili del trattamento nominati dal Titolare, facendone richiesta al Titolare con le modalit\u00e0 indicate al successivo paragrafo 5.<\/p>\n\n\n\n<p><strong>5. Diritti degli Interessati<\/strong><\/p>\n\n\n\n<p>Gli Utenti potranno esercitare i diritti garantiti loro dalla Normativa Applicabile, contattando il Titolare con le seguenti modalit\u00e0:<\/p>\n\n\n\n<ul class=\"wp-block-list\">\n<li>Inviando una raccomandata a\/r alla sede legale del Titolare&nbsp;<\/li>\n\n\n\n<li>Inviando un messaggio di posta elettronica all\u2019indirizzo info@campingallagodilago.it;\u00a0<\/li>\n<\/ul>\n\n\n\n<p>Ai sensi della Normativa Applicabile, il Titolare informa che gli Utenti hanno il diritto di ottenere l\u2019indicazione (i) dell\u2019origine dei dati personali; (ii) delle finalit\u00e0 e modalit\u00e0 del trattamento; (iii) della logica applicata in caso di trattamento effettuato con l\u2019ausilio di strumenti elettronici; (iv) degli estremi identificativi del titolare e dei responsabili; (v) dei soggetti o delle categorie di soggetti ai quali i dati personali possono essere comunicati o che possono venirne a conoscenza in qualit\u00e0 di responsabili o incaricati.<\/p>\n\n\n\n<p>Inoltre, gli Utenti hanno il diritto di ottenere:<\/p>\n\n\n\n<ol class=\"wp-block-list\">\n<li>l\u2019<strong>accesso<\/strong>, l\u2019<strong>aggiornamento<\/strong>, la <strong>rettificazione<\/strong> ovvero, quando vi hanno interesse, l\u2019<strong>integrazione<\/strong> dei dati;<\/li>\n\n\n\n<li>la <strong>cancellazione<\/strong>, la <strong>trasformazione in forma anonima<\/strong> o il <strong>blocco<\/strong> dei dati trattati in violazione di legge, compresi quelli di cui non \u00e8 necessaria la conservazione in relazione agli scopi per i quali i dati sono stati raccolti o successivamente trattati;<\/li>\n\n\n\n<li>l\u2019attestazione che le operazioni di cui alle lettere a) e b) sono state portate a conoscenza, anche per quanto riguarda il loro contenuto, di coloro ai quali i dati sono stati comunicati o diffusi, eccettuato il caso in cui tale adempimento si rivela impossibile o comporta un impiego di mezzi manifestamente sproporzionato rispetto al diritto tutelato.<\/li>\n<\/ol>\n\n\n\n<p>Inoltre, gli Utenti hanno:<\/p>\n\n\n\n<ol class=\"wp-block-list\">\n<li>il diritto di <strong>revocare il consenso<\/strong> in qualsiasi momento, qualora il trattamento si basi sul loro consenso;<\/li>\n\n\n\n<li>il diritto alla <strong>portabilit\u00e0 dei dati<\/strong> (diritto di ricevere tutti i dati personali che li riguardano in un formato strutturato, di uso comune e leggibile da dispositivo automatico), il diritto alla <strong>limitazione<\/strong> <strong>del<\/strong> <strong>trattamento<\/strong> dei dati personali e il <strong>diritto alla cancellazione<\/strong> (\u201cdiritto all\u2019oblio\u201d);<\/li>\n\n\n\n<li>il <strong>diritto di opporsi<\/strong>:\n<ul class=\"wp-block-list\">\n<li>in tutto o in parte, per motivi legittimi al trattamento dei dati personali che li riguardano, ancorch\u00e9 pertinenti allo scopo della raccolta;<\/li>\n\n\n\n<li>in tutto o in parte, al trattamento di dati personali che li riguardano a fini di invio di materiale pubblicitario o di vendita diretta o per il compimento di ricerche di mercato o di comunicazione commerciale;<\/li>\n\n\n\n<li>qualora i dati personali siano trattati per finalit\u00e0 di marketing diretto, in qualsiasi momento, al trattamento dei loro dati effettuato per tale finalit\u00e0, compresa la profilazione nella misura in cui sia connessa a tale marketing diretto.<\/li>\n<\/ul>\n<\/li>\n<\/ol>\n\n\n\n<p>qualora ritenessero che il trattamento che li riguarda violi il Regolamento, il diritto di <strong>proporre reclamo a un\u2019Autorit\u00e0 di controllo <\/strong>(nello Stato membro in cui risiedono abitualmente, in quello in cui lavorano oppure in quello in cui si \u00e8 verificata la presunta violazione). L\u2019Autorit\u00e0 di controllo italiana \u00e8 il<strong> Garante per la protezione dei dati personali<\/strong>, con sede in Piazza di Monte Citorio n. 121, 00186 \u2013 Roma (<a href=\"http:\/\/www.garanteprivacy.it\/\">http:\/\/www.garanteprivacy.it\/<\/a>).<\/p>\n","protected":false},"excerpt":{"rendered":"<p>CAMELOT S.N.C. DI BEGGIORA GIORGIO &amp; C. con sede legale in Localit\u00e0 Fratta 89, 31020 \u2013 Tarzo \u2013 Treviso, Partita [&hellip;]<\/p>\n","protected":false},"author":1,"featured_media":0,"parent":0,"menu_order":0,"comment_status":"closed","ping_status":"open","template":"","meta":{"_acf_changed":false,"inline_featured_image":false,"footnotes":""},"class_list":["post-1336","page","type-page","status-publish","hentry"],"acf":[],"featured_image_src":null,"yoast_head":"<title>Privacy Policy<\/title>\n<meta name=\"robots\" content=\"index, follow, max-snippet:-1, max-image-preview:large, max-video-preview:-1\" \/>\n<link rel=\"canonical\" href=\"https:\/\/www.campingallagodilago.it\/de\/privacy-policy\/\" \/>\n<meta property=\"og:locale\" content=\"de_DE\" \/>\n<meta property=\"og:type\" content=\"article\" \/>\n<meta property=\"og:title\" content=\"Privacy Policy\" \/>\n<meta property=\"og:description\" content=\"CAMELOT S.N.C. DI BEGGIORA GIORGIO &amp; C. con sede legale in Localit\u00e0 Fratta 89, 31020 \u2013 Tarzo \u2013 Treviso, Partita [&hellip;]\" \/>\n<meta property=\"og:url\" content=\"https:\/\/www.campingallagodilago.it\/de\/privacy-policy\/\" \/>\n<meta property=\"og:site_name\" content=\"Camping al lago di Lago\" \/>\n<meta property=\"article:modified_time\" content=\"2023-07-19T07:14:44+00:00\" \/>\n<meta name=\"twitter:card\" content=\"summary_large_image\" \/>\n<meta name=\"twitter:label1\" content=\"Gesch\u00e4tzte Lesezeit\" \/>\n\t<meta name=\"twitter:data1\" content=\"6\u00a0Minuten\" \/>\n<script type=\"application\/ld+json\" class=\"yoast-schema-graph\">{\"@context\":\"https:\/\/schema.org\",\"@graph\":[{\"@type\":\"WebPage\",\"@id\":\"https:\/\/www.campingallagodilago.it\/de\/privacy-policy\/\",\"url\":\"https:\/\/www.campingallagodilago.it\/de\/privacy-policy\/\",\"name\":\"Privacy Policy\",\"isPartOf\":{\"@id\":\"https:\/\/www.campingallagodilago.it\/de\/#website\"},\"datePublished\":\"2023-04-04T10:25:11+00:00\",\"dateModified\":\"2023-07-19T07:14:44+00:00\",\"inLanguage\":\"de\",\"potentialAction\":[{\"@type\":\"ReadAction\",\"target\":[\"https:\/\/www.campingallagodilago.it\/de\/privacy-policy\/\"]}]},{\"@type\":\"WebSite\",\"@id\":\"https:\/\/www.campingallagodilago.it\/de\/#website\",\"url\":\"https:\/\/www.campingallagodilago.it\/de\/\",\"name\":\"Camping al lago di Lago\",\"description\":\"\",\"publisher\":{\"@id\":\"https:\/\/www.campingallagodilago.it\/de\/#organization\"},\"potentialAction\":[{\"@type\":\"SearchAction\",\"target\":{\"@type\":\"EntryPoint\",\"urlTemplate\":\"https:\/\/www.campingallagodilago.it\/de\/?s={search_term_string}\"},\"query-input\":{\"@type\":\"PropertyValueSpecification\",\"valueRequired\":true,\"valueName\":\"search_term_string\"}}],\"inLanguage\":\"de\"},{\"@type\":\"Organization\",\"@id\":\"https:\/\/www.campingallagodilago.it\/de\/#organization\",\"name\":\"Camping al lago di Lago\",\"url\":\"https:\/\/www.campingallagodilago.it\/de\/\",\"logo\":{\"@type\":\"ImageObject\",\"inLanguage\":\"de\",\"@id\":\"https:\/\/www.campingallagodilago.it\/de\/#\/schema\/logo\/image\/\",\"url\":\"https:\/\/www.campingallagodilago.it\/wp-content\/uploads\/2023\/04\/camping-al-lago-di-lago-logo.svg\",\"contentUrl\":\"https:\/\/www.campingallagodilago.it\/wp-content\/uploads\/2023\/04\/camping-al-lago-di-lago-logo.svg\",\"width\":120,\"height\":120,\"caption\":\"Camping al lago di Lago\"},\"image\":{\"@id\":\"https:\/\/www.campingallagodilago.it\/de\/#\/schema\/logo\/image\/\"}}]}<\/script>","yoast_head_json":{"title":"Privacy Policy","robots":{"index":"index","follow":"follow","max-snippet":"max-snippet:-1","max-image-preview":"max-image-preview:large","max-video-preview":"max-video-preview:-1"},"canonical":"https:\/\/www.campingallagodilago.it\/de\/privacy-policy\/","og_locale":"de_DE","og_type":"article","og_title":"Privacy Policy","og_description":"CAMELOT S.N.C. DI BEGGIORA GIORGIO &amp; C. con sede legale in Localit\u00e0 Fratta 89, 31020 \u2013 Tarzo \u2013 Treviso, Partita [&hellip;]","og_url":"https:\/\/www.campingallagodilago.it\/de\/privacy-policy\/","og_site_name":"Camping al lago di Lago","article_modified_time":"2023-07-19T07:14:44+00:00","twitter_card":"summary_large_image","twitter_misc":{"Gesch\u00e4tzte Lesezeit":"6\u00a0Minuten"},"schema":{"@context":"https:\/\/schema.org","@graph":[{"@type":"WebPage","@id":"https:\/\/www.campingallagodilago.it\/de\/privacy-policy\/","url":"https:\/\/www.campingallagodilago.it\/de\/privacy-policy\/","name":"Privacy Policy","isPartOf":{"@id":"https:\/\/www.campingallagodilago.it\/de\/#website"},"datePublished":"2023-04-04T10:25:11+00:00","dateModified":"2023-07-19T07:14:44+00:00","inLanguage":"de","potentialAction":[{"@type":"ReadAction","target":["https:\/\/www.campingallagodilago.it\/de\/privacy-policy\/"]}]},{"@type":"WebSite","@id":"https:\/\/www.campingallagodilago.it\/de\/#website","url":"https:\/\/www.campingallagodilago.it\/de\/","name":"Camping al lago di Lago","description":"","publisher":{"@id":"https:\/\/www.campingallagodilago.it\/de\/#organization"},"potentialAction":[{"@type":"SearchAction","target":{"@type":"EntryPoint","urlTemplate":"https:\/\/www.campingallagodilago.it\/de\/?s={search_term_string}"},"query-input":{"@type":"PropertyValueSpecification","valueRequired":true,"valueName":"search_term_string"}}],"inLanguage":"de"},{"@type":"Organization","@id":"https:\/\/www.campingallagodilago.it\/de\/#organization","name":"Camping al lago di Lago","url":"https:\/\/www.campingallagodilago.it\/de\/","logo":{"@type":"ImageObject","inLanguage":"de","@id":"https:\/\/www.campingallagodilago.it\/de\/#\/schema\/logo\/image\/","url":"https:\/\/www.campingallagodilago.it\/wp-content\/uploads\/2023\/04\/camping-al-lago-di-lago-logo.svg","contentUrl":"https:\/\/www.campingallagodilago.it\/wp-content\/uploads\/2023\/04\/camping-al-lago-di-lago-logo.svg","width":120,"height":120,"caption":"Camping al lago di Lago"},"image":{"@id":"https:\/\/www.campingallagodilago.it\/de\/#\/schema\/logo\/image\/"}}]}},"_links":{"self":[{"href":"https:\/\/www.campingallagodilago.it\/de\/wp-json\/wp\/v2\/pages\/1336","targetHints":{"allow":["GET"]}}],"collection":[{"href":"https:\/\/www.campingallagodilago.it\/de\/wp-json\/wp\/v2\/pages"}],"about":[{"href":"https:\/\/www.campingallagodilago.it\/de\/wp-json\/wp\/v2\/types\/page"}],"author":[{"embeddable":true,"href":"https:\/\/www.campingallagodilago.it\/de\/wp-json\/wp\/v2\/users\/1"}],"replies":[{"embeddable":true,"href":"https:\/\/www.campingallagodilago.it\/de\/wp-json\/wp\/v2\/comments?post=1336"}],"version-history":[{"count":2,"href":"https:\/\/www.campingallagodilago.it\/de\/wp-json\/wp\/v2\/pages\/1336\/revisions"}],"predecessor-version":[{"id":1728,"href":"https:\/\/www.campingallagodilago.it\/de\/wp-json\/wp\/v2\/pages\/1336\/revisions\/1728"}],"wp:attachment":[{"href":"https:\/\/www.campingallagodilago.it\/de\/wp-json\/wp\/v2\/media?parent=1336"}],"curies":[{"name":"wp","href":"https:\/\/api.w.org\/{rel}","templated":true}]}}