{"id":1335,"date":"2023-04-04T12:25:11","date_gmt":"2023-04-04T10:25:11","guid":{"rendered":"https:\/\/www.campingallagodilago.it\/homepage\/"},"modified":"2026-03-18T16:50:05","modified_gmt":"2026-03-18T15:50:05","slug":"homepage","status":"publish","type":"page","link":"https:\/\/www.campingallagodilago.it\/de\/","title":{"rendered":"Homepage"},"content":{"rendered":"    <div id=\"swiper_slideshow-block_699389e8e032bc88e5f2c71a4d15d307\" class=\"FHSlider swiper-container swiper_slideshow swiper\">\r\n                    <div class=\"swiper-wrapper\">\r\n                                    <div class=\"swiper-slide\">\r\n                        <div class=\"swiper-slide-image-wrapper\">\r\n                                                    <div class=\"swiper-video\">\r\n                            <video poster=\"https:\/\/www.campingallagodilago.it\/wp-content\/uploads\/2023\/07\/campingalalgodilago.jpg\" autoplay loop muted playsinline>\r\n                                <source src=\"https:\/\/www.campingallagodilago.it\/wp-content\/uploads\/2023\/07\/campingalalgodilago-lowres.mp4\" type=\"video\/mp4\">\r\n                                                                Your browser does not support the video tag.\r\n                            <\/video>\r\n                            <\/div>\r\n                                                    <\/div>\r\n                        <div class='swiper-descr'><div class='container'><div class='swiper-descr-title is-style-bigtitle'><div class=\"TextWithLineBefore\">Camping al Lago di Lago<\/div>\n<p>Willkommen!<br \/>\n<a href=\"https:\/\/www.campingallagodilago.it\/de\/early-booking-special-offer\/\"><img decoding=\"async\" src=\"https:\/\/www.campingallagodilago.it\/wp-content\/uploads\/2026\/01\/early-booking-ENG.jpg\" style=\"width: 300px; max-width: 300px; height: auto;\"><\/a><\/p>\n<\/div><\/div><\/div>                    <\/div>\r\n                                <\/div>\r\n                        <\/div>\r\n    \n\n\n<div class=\"wp-block-group is-style-container container-small\">\n<p class=\"has-text-align-center is-style-mediumtitle\">WIR ERWARTEN SIE VOM 1. APRIL<\/p>\n\n\n\n<div style=\"height:20px\" aria-hidden=\"true\" class=\"wp-block-spacer\"><\/div>\n\n\n\n<p class=\"has-text-align-center\"><em>Danila &amp; Giorgio<\/em><\/p>\n\n\n\n<div style=\"height:100px\" aria-hidden=\"true\" class=\"wp-block-spacer\"><\/div>\n<\/div>\n\n\n\n<div class=\"wp-block-group is-style-container\">    <div id=\"content_list-block_a71440294421d558d504ec2d04dbc4ea\" class=\"content_list\">\r\n                    <div class=\"cb_contentlist_wrapper\">\r\n                                    <div class=\"cb_contentlist_single\">\r\n                        <div class=\"row align-items-center\">\r\n                            <div class=\"ImageColumn col-12 col-lg-6 order-lg-2\">\r\n                                <div class=\"contentlist_single_img\">\r\n                                                                            <a href=\"https:\/\/www.campingallagodilago.it\/de\/campingplatz\/\">\r\n                                                                            <img decoding=\"async\" src=\"https:\/\/www.campingallagodilago.it\/wp-content\/uploads\/2023\/05\/lago-montagna-cultura-arte.jpg\">\r\n                                                                            <\/a>\r\n                                                                        <\/div>\r\n                            <\/div>\r\n                            <div class=\"ContentColumn col-12 col-lg-6\">\r\n                                <div class=\"contentlist_single_bgtext\">01<\/div>\r\n                                <div class=\"contentlist_single_txt_wrapper\">\r\n                                    <div class=\"contentlist_single_intro TextWithLineBefore\">Campingplatz<\/div>\r\n                                    <div class=\"contentlist_single_title is-style-mediumtitle\"><h3>See, Berg, Kultur, Kunst<\/h3><\/div>\r\n                                    <div class=\"contentlist_single_descr\"><p>Wir arbeiten jeden Tag ohne Pause, um den Campingplatz CAMPING AL LAGO in den ersten und bestausger\u00fcsteten Campingplatz der Heimat des Proseccoweins zu verwandeln.<\/p>\n<\/div>\r\n                                                                            <a class=\"contentlist_single_link\" href=\"https:\/\/www.campingallagodilago.it\/de\/campingplatz\/\">Entdecken<\/a>\r\n                                                                        <\/div>\r\n                            <\/div>\r\n                        <\/div>\r\n                    <\/div>\r\n                                        <div class=\"cb_contentlist_single\">\r\n                        <div class=\"row align-items-center\">\r\n                            <div class=\"ImageColumn col-12 col-lg-6 \">\r\n                                <div class=\"contentlist_single_img\">\r\n                                                                            <a href=\"https:\/\/www.campingallagodilago.it\/de\/sehenswuerdigkeiten\/schwimmbad-solarium-relax\/\">\r\n                                                                            <img decoding=\"async\" src=\"https:\/\/www.campingallagodilago.it\/wp-content\/uploads\/2023\/05\/attrazioni.jpg\">\r\n                                                                            <\/a>\r\n                                                                        <\/div>\r\n                            <\/div>\r\n                            <div class=\"ContentColumn col-12 col-lg-6\">\r\n                                <div class=\"contentlist_single_bgtext\">02<\/div>\r\n                                <div class=\"contentlist_single_txt_wrapper\">\r\n                                    <div class=\"contentlist_single_intro TextWithLineBefore\">Schwimmbad<\/div>\r\n                                    <div class=\"contentlist_single_title is-style-mediumtitle\"><h3>Sehensw\u00fcrdigkeiten<\/h3><\/div>\r\n                                    <div class=\"contentlist_single_descr\"><p>Ab heute brauchen Sie nicht mehr zwischen einem Ausflug an den See und einem Tag im Schwimmbad zu w\u00e4hlen&#8230; sie k\u00f6nnen beides haben!<\/p>\n<\/div>\r\n                                                                            <a class=\"contentlist_single_link\" href=\"https:\/\/www.campingallagodilago.it\/de\/sehenswuerdigkeiten\/schwimmbad-solarium-relax\/\">Entdecken<\/a>\r\n                                                                        <\/div>\r\n                            <\/div>\r\n                        <\/div>\r\n                    <\/div>\r\n                                        <div class=\"cb_contentlist_single\">\r\n                        <div class=\"row align-items-center\">\r\n                            <div class=\"ImageColumn col-12 col-lg-6 order-lg-2\">\r\n                                <div class=\"contentlist_single_img\">\r\n                                                                            <a href=\"https:\/\/www.campingallagodilago.it\/de\/campingplatz\/mobilheim\/\">\r\n                                                                            <img decoding=\"async\" src=\"https:\/\/www.campingallagodilago.it\/wp-content\/uploads\/2023\/05\/comfort-nella-natura.jpg\">\r\n                                                                            <\/a>\r\n                                                                        <\/div>\r\n                            <\/div>\r\n                            <div class=\"ContentColumn col-12 col-lg-6\">\r\n                                <div class=\"contentlist_single_bgtext\">03<\/div>\r\n                                <div class=\"contentlist_single_txt_wrapper\">\r\n                                    <div class=\"contentlist_single_intro TextWithLineBefore\">Mobilheim<\/div>\r\n                                    <div class=\"contentlist_single_title is-style-mediumtitle\"><h3>Komfort in der Natur<\/h3><\/div>\r\n                                    <div class=\"contentlist_single_descr\"><p>Komfortabel und ger\u00e4umig, f\u00fcr Familien und Gruppen bis zu 6 Personen. Komplett mit Gartenm\u00f6beln zum Entspannen im Freien.<\/p>\n<\/div>\r\n                                                                            <a class=\"contentlist_single_link\" href=\"https:\/\/www.campingallagodilago.it\/de\/campingplatz\/mobilheim\/\">Entdecken<\/a>\r\n                                                                        <\/div>\r\n                            <\/div>\r\n                        <\/div>\r\n                    <\/div>\r\n                                        <div class=\"cb_contentlist_single\">\r\n                        <div class=\"row align-items-center\">\r\n                            <div class=\"ImageColumn col-12 col-lg-6 \">\r\n                                <div class=\"contentlist_single_img\">\r\n                                                                            <a href=\"https:\/\/www.campingallagodilago.it\/de\/sehenswuerdigkeiten\/spielplatz\/\">\r\n                                                                            <img decoding=\"async\" src=\"https:\/\/www.campingallagodilago.it\/wp-content\/uploads\/2023\/05\/divertimento-assicurato.jpg\">\r\n                                                                            <\/a>\r\n                                                                        <\/div>\r\n                            <\/div>\r\n                            <div class=\"ContentColumn col-12 col-lg-6\">\r\n                                <div class=\"contentlist_single_bgtext\">04<\/div>\r\n                                <div class=\"contentlist_single_txt_wrapper\">\r\n                                    <div class=\"contentlist_single_intro TextWithLineBefore\">Spielplatz<\/div>\r\n                                    <div class=\"contentlist_single_title is-style-mediumtitle\"><h3>Garantierter Spa\u00df<\/h3><\/div>\r\n                                    <div class=\"contentlist_single_descr\"><p>F\u00fcr Gro\u00df und Klein, eine h\u00fcbscher und sonnengesch\u00fctzter Bereich, der dazu einl\u00e4dt, die Freizeit mit Spa\u00df und Spiel \u2026 oder mit Entspannung zu verbringen!<\/p>\n<\/div>\r\n                                                                            <a class=\"contentlist_single_link\" href=\"https:\/\/www.campingallagodilago.it\/de\/sehenswuerdigkeiten\/spielplatz\/\">Entdecken<\/a>\r\n                                                                        <\/div>\r\n                            <\/div>\r\n                        <\/div>\r\n                    <\/div>\r\n                                        <div class=\"cb_contentlist_single\">\r\n                        <div class=\"row align-items-center\">\r\n                            <div class=\"ImageColumn col-12 col-lg-6 order-lg-2\">\r\n                                <div class=\"contentlist_single_img\">\r\n                                                                            <a href=\"https:\/\/www.campingallagodilago.it\/de\/sehenswuerdigkeiten\/minigolf\/\">\r\n                                                                            <img decoding=\"async\" src=\"https:\/\/www.campingallagodilago.it\/wp-content\/uploads\/2023\/05\/per-nuovi-campioni.jpg\">\r\n                                                                            <\/a>\r\n                                                                        <\/div>\r\n                            <\/div>\r\n                            <div class=\"ContentColumn col-12 col-lg-6\">\r\n                                <div class=\"contentlist_single_bgtext\">05<\/div>\r\n                                <div class=\"contentlist_single_txt_wrapper\">\r\n                                    <div class=\"contentlist_single_intro TextWithLineBefore\">Minigolf<\/div>\r\n                                    <div class=\"contentlist_single_title is-style-mediumtitle\"><h3>F\u00fcr neue Proben<\/h3><\/div>\r\n                                    <div class=\"contentlist_single_descr\"><p>Entspannen Sie sich bei einem Minigolf-Match mit Freunden. Man erz\u00e4hlt sich, auch Tiger Woods h\u00e4tte seine Karriere hier begonnen&#8230;<\/p>\n<\/div>\r\n                                                                            <a class=\"contentlist_single_link\" href=\"https:\/\/www.campingallagodilago.it\/de\/sehenswuerdigkeiten\/minigolf\/\">Entdecken<\/a>\r\n                                                                        <\/div>\r\n                            <\/div>\r\n                        <\/div>\r\n                    <\/div>\r\n                                        <div class=\"cb_contentlist_single\">\r\n                        <div class=\"row align-items-center\">\r\n                            <div class=\"ImageColumn col-12 col-lg-6 \">\r\n                                <div class=\"contentlist_single_img\">\r\n                                                                            <a href=\"https:\/\/www.campingallagodilago.it\/de\/sehenswuerdigkeiten\/bar-imbiss\/\">\r\n                                                                            <img decoding=\"async\" src=\"https:\/\/www.campingallagodilago.it\/wp-content\/uploads\/2023\/05\/il-posto-perfetto.jpg\">\r\n                                                                            <\/a>\r\n                                                                        <\/div>\r\n                            <\/div>\r\n                            <div class=\"ContentColumn col-12 col-lg-6\">\r\n                                <div class=\"contentlist_single_bgtext\">06<\/div>\r\n                                <div class=\"contentlist_single_txt_wrapper\">\r\n                                    <div class=\"contentlist_single_intro TextWithLineBefore\">Bar\/Imbiss<\/div>\r\n                                    <div class=\"contentlist_single_title is-style-mediumtitle\"><h3>Der perfekte Ort<\/h3><\/div>\r\n                                    <div class=\"contentlist_single_descr\"><p>Was w\u00fcrden wir nach all diesen Aktivit\u00e4ten ohne einen leckeren Imbiss tun?<\/p>\n<\/div>\r\n                                                                            <a class=\"contentlist_single_link\" href=\"https:\/\/www.campingallagodilago.it\/de\/sehenswuerdigkeiten\/bar-imbiss\/\">Entdecken<\/a>\r\n                                                                        <\/div>\r\n                            <\/div>\r\n                        <\/div>\r\n                    <\/div>\r\n                                <\/div>\r\n            <\/div>\r\n    <\/div>\n\n\n\n<div style=\"height:100px\" aria-hidden=\"true\" class=\"wp-block-spacer\"><\/div>\n\n\n\n<div class=\"wp-block-group is-relative\">\n<div style=\"height:30px\" aria-hidden=\"true\" class=\"wp-block-spacer\"><\/div>\n\n\n\n<figure class=\"wp-block-image size-full\"><img decoding=\"async\" src=\"https:\/\/www.campingallagodilago.it\/wp-content\/uploads\/2023\/05\/le-tariffe-del-camping.jpg\" alt=\"\" class=\"wp-image-57\"\/><\/figure>\n\n\n\n<div class=\"wp-block-group TariffeHomepage has-background\" style=\"background:linear-gradient(90deg,rgba(31,46,40,0.73) 57%,rgba(31,46,40,0) 57%)\">\n<div class=\"wp-block-group is-style-container\">\n<div class=\"wp-block-columns\">\n<div class=\"wp-block-column\">\n<p class=\"is-style-bigtitle has-white-color has-text-color\">Campingplatz<br>preise<\/p>\n\n\n\n<div style=\"height:30px\" aria-hidden=\"true\" class=\"wp-block-spacer\"><\/div>\n\n\n\n<p class=\"has-white-color has-text-color\">Im preis imbegriffen: elektrischer Strom, ein auto (wenn zul\u00e0ssig) ein grosses Zelt \/ Camper \/ Caravan und ein kleine Zelde max 2 pax. Stellplatz f\u00f9r maximum 6 Personen<\/p>\n\n\n\n<div style=\"height:30px\" aria-hidden=\"true\" class=\"wp-block-spacer\"><\/div>\n\n\n\n<div class=\"wp-block-buttons\">\n<div class=\"wp-block-button is-style-fill\"><a class=\"wp-block-button__link has-palette-2-color has-white-background-color has-text-color has-background wp-element-button\" href=\"https:\/\/www.campingallagodilago.it\/de\/campingplatz\/campingplatz-preise\/\">PREISE<\/a><\/div>\n<\/div>\n<\/div>\n\n\n\n<div class=\"wp-block-column\"><\/div>\n<\/div>\n<\/div>\n<\/div>\n<\/div>\n\n\n\n<div style=\"height:50px\" aria-hidden=\"true\" class=\"wp-block-spacer\"><\/div>\n","protected":false},"excerpt":{"rendered":"<p>WIR ERWARTEN SIE VOM 1. APRIL Danila &amp; Giorgio Campingplatzpreise Im preis imbegriffen: elektrischer Strom, ein auto (wenn zul\u00e0ssig) ein [&hellip;]<\/p>\n","protected":false},"author":1,"featured_media":0,"parent":0,"menu_order":0,"comment_status":"closed","ping_status":"closed","template":"","meta":{"_acf_changed":false,"inline_featured_image":false,"footnotes":""},"class_list":["post-1335","page","type-page","status-publish","hentry"],"acf":[],"featured_image_src":null,"yoast_head":"<title>Homepage<\/title>\n<meta name=\"robots\" content=\"index, follow, max-snippet:-1, max-image-preview:large, max-video-preview:-1\" \/>\n<link rel=\"canonical\" href=\"https:\/\/www.campingallagodilago.it\/de\/\" \/>\n<meta property=\"og:locale\" content=\"de_DE\" \/>\n<meta property=\"og:type\" content=\"article\" \/>\n<meta property=\"og:title\" content=\"Homepage\" \/>\n<meta property=\"og:description\" content=\"WIR ERWARTEN SIE VOM 1. APRIL Danila &amp; Giorgio Campingplatzpreise Im preis imbegriffen: elektrischer Strom, ein auto (wenn zul\u00e0ssig) ein [&hellip;]\" \/>\n<meta property=\"og:url\" content=\"https:\/\/www.campingallagodilago.it\/de\/\" \/>\n<meta property=\"og:site_name\" content=\"Camping al lago di Lago\" \/>\n<meta property=\"article:modified_time\" content=\"2026-03-18T15:50:05+00:00\" \/>\n<meta property=\"og:image\" content=\"https:\/\/www.campingallagodilago.it\/wp-content\/uploads\/2023\/05\/le-tariffe-del-camping.jpg\" \/>\n<meta name=\"twitter:card\" content=\"summary_large_image\" \/>\n<meta name=\"twitter:label1\" content=\"Gesch\u00e4tzte Lesezeit\" \/>\n\t<meta name=\"twitter:data1\" content=\"1\u00a0Minute\" \/>\n<script type=\"application\/ld+json\" class=\"yoast-schema-graph\">{\"@context\":\"https:\/\/schema.org\",\"@graph\":[{\"@type\":\"WebPage\",\"@id\":\"https:\/\/www.campingallagodilago.it\/de\/\",\"url\":\"https:\/\/www.campingallagodilago.it\/de\/\",\"name\":\"Homepage\",\"isPartOf\":{\"@id\":\"https:\/\/www.campingallagodilago.it\/de\/#website\"},\"primaryImageOfPage\":{\"@id\":\"https:\/\/www.campingallagodilago.it\/de\/#primaryimage\"},\"image\":{\"@id\":\"https:\/\/www.campingallagodilago.it\/de\/#primaryimage\"},\"thumbnailUrl\":\"https:\/\/www.campingallagodilago.it\/wp-content\/uploads\/2023\/05\/le-tariffe-del-camping.jpg\",\"datePublished\":\"2023-04-04T10:25:11+00:00\",\"dateModified\":\"2026-03-18T15:50:05+00:00\",\"inLanguage\":\"de\",\"potentialAction\":[{\"@type\":\"ReadAction\",\"target\":[\"https:\/\/www.campingallagodilago.it\/de\/\"]}]},{\"@type\":\"ImageObject\",\"inLanguage\":\"de\",\"@id\":\"https:\/\/www.campingallagodilago.it\/de\/#primaryimage\",\"url\":\"https:\/\/www.campingallagodilago.it\/wp-content\/uploads\/2023\/05\/le-tariffe-del-camping.jpg\",\"contentUrl\":\"https:\/\/www.campingallagodilago.it\/wp-content\/uploads\/2023\/05\/le-tariffe-del-camping.jpg\"},{\"@type\":\"WebSite\",\"@id\":\"https:\/\/www.campingallagodilago.it\/de\/#website\",\"url\":\"https:\/\/www.campingallagodilago.it\/de\/\",\"name\":\"Camping al lago di Lago\",\"description\":\"\",\"publisher\":{\"@id\":\"https:\/\/www.campingallagodilago.it\/de\/#organization\"},\"potentialAction\":[{\"@type\":\"SearchAction\",\"target\":{\"@type\":\"EntryPoint\",\"urlTemplate\":\"https:\/\/www.campingallagodilago.it\/de\/?s={search_term_string}\"},\"query-input\":{\"@type\":\"PropertyValueSpecification\",\"valueRequired\":true,\"valueName\":\"search_term_string\"}}],\"inLanguage\":\"de\"},{\"@type\":\"Organization\",\"@id\":\"https:\/\/www.campingallagodilago.it\/de\/#organization\",\"name\":\"Camping al lago di Lago\",\"url\":\"https:\/\/www.campingallagodilago.it\/de\/\",\"logo\":{\"@type\":\"ImageObject\",\"inLanguage\":\"de\",\"@id\":\"https:\/\/www.campingallagodilago.it\/de\/#\/schema\/logo\/image\/\",\"url\":\"https:\/\/www.campingallagodilago.it\/wp-content\/uploads\/2023\/04\/camping-al-lago-di-lago-logo.svg\",\"contentUrl\":\"https:\/\/www.campingallagodilago.it\/wp-content\/uploads\/2023\/04\/camping-al-lago-di-lago-logo.svg\",\"width\":120,\"height\":120,\"caption\":\"Camping al lago di Lago\"},\"image\":{\"@id\":\"https:\/\/www.campingallagodilago.it\/de\/#\/schema\/logo\/image\/\"}}]}<\/script>","yoast_head_json":{"title":"Homepage","robots":{"index":"index","follow":"follow","max-snippet":"max-snippet:-1","max-image-preview":"max-image-preview:large","max-video-preview":"max-video-preview:-1"},"canonical":"https:\/\/www.campingallagodilago.it\/de\/","og_locale":"de_DE","og_type":"article","og_title":"Homepage","og_description":"WIR ERWARTEN SIE VOM 1. APRIL Danila &amp; Giorgio Campingplatzpreise Im preis imbegriffen: elektrischer Strom, ein auto (wenn zul\u00e0ssig) ein [&hellip;]","og_url":"https:\/\/www.campingallagodilago.it\/de\/","og_site_name":"Camping al lago di Lago","article_modified_time":"2026-03-18T15:50:05+00:00","og_image":[{"url":"https:\/\/www.campingallagodilago.it\/wp-content\/uploads\/2023\/05\/le-tariffe-del-camping.jpg","type":"","width":"","height":""}],"twitter_card":"summary_large_image","twitter_misc":{"Gesch\u00e4tzte Lesezeit":"1\u00a0Minute"},"schema":{"@context":"https:\/\/schema.org","@graph":[{"@type":"WebPage","@id":"https:\/\/www.campingallagodilago.it\/de\/","url":"https:\/\/www.campingallagodilago.it\/de\/","name":"Homepage","isPartOf":{"@id":"https:\/\/www.campingallagodilago.it\/de\/#website"},"primaryImageOfPage":{"@id":"https:\/\/www.campingallagodilago.it\/de\/#primaryimage"},"image":{"@id":"https:\/\/www.campingallagodilago.it\/de\/#primaryimage"},"thumbnailUrl":"https:\/\/www.campingallagodilago.it\/wp-content\/uploads\/2023\/05\/le-tariffe-del-camping.jpg","datePublished":"2023-04-04T10:25:11+00:00","dateModified":"2026-03-18T15:50:05+00:00","inLanguage":"de","potentialAction":[{"@type":"ReadAction","target":["https:\/\/www.campingallagodilago.it\/de\/"]}]},{"@type":"ImageObject","inLanguage":"de","@id":"https:\/\/www.campingallagodilago.it\/de\/#primaryimage","url":"https:\/\/www.campingallagodilago.it\/wp-content\/uploads\/2023\/05\/le-tariffe-del-camping.jpg","contentUrl":"https:\/\/www.campingallagodilago.it\/wp-content\/uploads\/2023\/05\/le-tariffe-del-camping.jpg"},{"@type":"WebSite","@id":"https:\/\/www.campingallagodilago.it\/de\/#website","url":"https:\/\/www.campingallagodilago.it\/de\/","name":"Camping al lago di Lago","description":"","publisher":{"@id":"https:\/\/www.campingallagodilago.it\/de\/#organization"},"potentialAction":[{"@type":"SearchAction","target":{"@type":"EntryPoint","urlTemplate":"https:\/\/www.campingallagodilago.it\/de\/?s={search_term_string}"},"query-input":{"@type":"PropertyValueSpecification","valueRequired":true,"valueName":"search_term_string"}}],"inLanguage":"de"},{"@type":"Organization","@id":"https:\/\/www.campingallagodilago.it\/de\/#organization","name":"Camping al lago di Lago","url":"https:\/\/www.campingallagodilago.it\/de\/","logo":{"@type":"ImageObject","inLanguage":"de","@id":"https:\/\/www.campingallagodilago.it\/de\/#\/schema\/logo\/image\/","url":"https:\/\/www.campingallagodilago.it\/wp-content\/uploads\/2023\/04\/camping-al-lago-di-lago-logo.svg","contentUrl":"https:\/\/www.campingallagodilago.it\/wp-content\/uploads\/2023\/04\/camping-al-lago-di-lago-logo.svg","width":120,"height":120,"caption":"Camping al lago di Lago"},"image":{"@id":"https:\/\/www.campingallagodilago.it\/de\/#\/schema\/logo\/image\/"}}]}},"_links":{"self":[{"href":"https:\/\/www.campingallagodilago.it\/de\/wp-json\/wp\/v2\/pages\/1335","targetHints":{"allow":["GET"]}}],"collection":[{"href":"https:\/\/www.campingallagodilago.it\/de\/wp-json\/wp\/v2\/pages"}],"about":[{"href":"https:\/\/www.campingallagodilago.it\/de\/wp-json\/wp\/v2\/types\/page"}],"author":[{"embeddable":true,"href":"https:\/\/www.campingallagodilago.it\/de\/wp-json\/wp\/v2\/users\/1"}],"replies":[{"embeddable":true,"href":"https:\/\/www.campingallagodilago.it\/de\/wp-json\/wp\/v2\/comments?post=1335"}],"version-history":[{"count":22,"href":"https:\/\/www.campingallagodilago.it\/de\/wp-json\/wp\/v2\/pages\/1335\/revisions"}],"predecessor-version":[{"id":2123,"href":"https:\/\/www.campingallagodilago.it\/de\/wp-json\/wp\/v2\/pages\/1335\/revisions\/2123"}],"wp:attachment":[{"href":"https:\/\/www.campingallagodilago.it\/de\/wp-json\/wp\/v2\/media?parent=1335"}],"curies":[{"name":"wp","href":"https:\/\/api.w.org\/{rel}","templated":true}]}}