{"id":1333,"date":"2023-05-26T09:50:10","date_gmt":"2023-05-26T07:50:10","guid":{"rendered":"https:\/\/www.campingallagodilago.it\/regolamento\/"},"modified":"2024-11-18T15:36:41","modified_gmt":"2024-11-18T14:36:41","slug":"platzordnung","status":"publish","type":"page","link":"https:\/\/www.campingallagodilago.it\/de\/campingplatz\/platzordnung\/","title":{"rendered":"Platzordnung"},"content":{"rendered":"\n<p><strong>CHECK-IN<\/strong><\/p>\n\n\n\n<p>Der Campingplatz ist f\u00fcr Camper und deren G\u00e4ste reserviert, die gem\u00e4\u00df den PS-Vorschriften ordnungsgem\u00e4\u00df angemeldet sind.<\/p>\n\n\n\n<p>F\u00fcr den Zugang zum Campingplatz ist eine Registrierung f\u00fcr alle Personen, auch f\u00fcr Kinder, erforderlich. Bei der Ankunft muss jeder Gast einen g\u00fcltigen Originalausweis (Personalausweis, Reisepass oder F\u00fchrerschein) vorlegen. Das Personal \u00fcberpr\u00fcft die Angaben und stellt ein Identifikationsarmband aus, das w\u00e4hrend des gesamten Aufenthalts getragen werden muss. Bitte teilen Sie uns etwaige \u00c4nderungen oder Fehler in Ihren Daten umgehend mit. Bitte beachten Sie, dass weder die Gesundheitskarte noch die Campingkarte (Typ ACSI) Ausweisdokumente ersetzen. Ohne das Originaldokument ist eine Anmeldung und der Zutritt zum Campingplatz nicht m\u00f6glich.<\/p>\n\n\n\n<p><strong>CHECK-OUT<\/strong><\/p>\n\n\n\n<p>Camper auf dem Stellplatz werden gebeten, den Stellplatz am Abreisetag bis 12.00 Uhr zu r\u00e4umen. F\u00fcr Mobilheimg\u00e4ste ist die Abreisefrist 10:00 Uhr. Bitte denken Sie daran, dass die Kasse ab 10:00 Uhr ge\u00f6ffnet ist. Bei Nichteinhaltung der angegebenen Zeiten wird ein Zuschlag in H\u00f6he der Kosten f\u00fcr eine zus\u00e4tzliche \u00dcbernachtung berechnet.<\/p>\n\n\n\n<p><strong>UNTERK\u00dcNFTE<\/strong><\/p>\n\n\n\n<p>F\u00fcr kurzfristige Buchungen (maximal 3 Tage) ist eine Vorauszahlung per Bank\u00fcberweisung erforderlich. Die Reservierung gilt als best\u00e4tigt, sobald die Zahlung eingegangen ist. F\u00fcr l\u00e4ngere Buchungen und Aufenthalte ist die Zahlung innerhalb von 3 Tagen nach Ankunft in der Unterkunft erforderlich. Das Mobilheim steht dem Kunden ab 17.00 Uhr am Tag der Anmeldung zur Verf\u00fcgung und muss am Tag der Abreise bis 10.00 Uhr ger\u00e4umt sein.<\/p>\n\n\n\n<p>Die Direktion und das zust\u00e4ndige Personal sind befugt, die Unterkunft jederzeit, auch in Abwesenheit des Kunden, zu Wartungs- und Kontrollzwecken oder in Notf\u00e4llen zu betreten.<\/p>\n\n\n\n<p><strong>STELLPL\u00c4TZE<\/strong><\/p>\n\n\n\n<ul class=\"wp-block-list\">\n<li>Jeder Stellplatz bietet Platz f\u00fcr ein Wohnmobil oder einen Wohnwagen und ein f\u00fcr 2 Personen zugelassenes Zelt. Alle Stellpl\u00e4tze sind gekennzeichnet und nummeriert. Die Ausr\u00fcstung muss innerhalb der zugewiesenen Grenzen bleiben und einen angemessenen Abstand zu den benachbarten Stellpl\u00e4tzen einhalten.<\/li>\n\n\n\n<li>Jeder Stellplatz hat nur eine Steckdose. Umz\u00fcge und \u00c4nderungen auf dem zugewiesenen Stellplatz bed\u00fcrfen der Genehmigung der Direktion.<\/li>\n\n\n\n<li>Die Camper sind verpflichtet, ihren Stellplatz sauber zu halten. Das Aufstellen von Zelten oder zus\u00e4tzlichen Bauten ist nur mit vorheriger Genehmigung gestattet.<\/li>\n\n\n\n<li>Die Ankunft ist ab 12 Uhr gestattet, die Abreise muss bis 12 Uhr des folgenden Tages erfolgen. Bei verfr\u00fchter Ankunft oder versp\u00e4teter Abreise werden zus\u00e4tzliche \u00dcbernachtungen berechnet.<\/li>\n\n\n\n<li>Jeder Stellplatz bietet Platz f\u00fcr bis zu 6 Personen und eine Besatzung. Wohnmobile haben keinen Anspruch auf einen zus\u00e4tzlichen Stellplatz, sofern nicht anders angegeben.<\/li>\n\n\n\n<li>Die Ausr\u00fcstung darf nur am Boden oder am Fahrzeug verankert werden. <strong>Es ist verboten, Pflanzen und Einrichtungen des Campingplatzes zu benutzen.<\/strong><\/li>\n\n\n\n<li>Bei kurzfristigen Buchungen (maximal 3 Tage) ist eine Vorauszahlung per Bank\u00fcberweisung erforderlich. Die Reservierung gilt als best\u00e4tigt, sobald die Zahlung eingegangen ist. Bei l\u00e4ngeren Buchungen und Aufenthalten ist die Zahlung innerhalb von 3 Tagen vor der Ankunft erforderlich. Die Kasse ist ab 10.00 Uhr ge\u00f6ffnet. Wird der Stellplatz nicht bis 12.00 Uhr ger\u00e4umt, wird eine zus\u00e4tzliche \u00dcbernachtung in Rechnung gestellt.<\/li>\n\n\n\n<li>Die unbefugte Belegung eines freien Stellplatzes wird mit einer Tagesgeb\u00fchr belegt.<\/li>\n\n\n\n<li>Die Direktion und das verantwortliche Personal sind berechtigt, den Stellplatz jederzeit, auch in Abwesenheit des Kunden, zu Wartungs- und Kontrollzwecken oder in Notf\u00e4llen zu betreten.<\/li>\n<\/ul>\n\n\n\n<p><strong>BESUCHER<\/strong><\/p>\n\n\n\n<p>Der Zutritt zum Campingplatz ist nur nach vorheriger Ank\u00fcndigung durch die Camper und mit Genehmigung der Direktion gestattet und darf nur zu Fu\u00df erfolgen. Sie m\u00fcssen ihren Ausweis vorlegen und zahlen eine Stunde nach ihrem Eintritt den Tagestarif f\u00fcr Camper in H\u00f6he von 12,00 \u20ac (Erwachsene und Kinder ab 2 Jahren), der von 10 bis 20 Uhr gilt.<\/p>\n\n\n\n<p><strong>MINDERJ\u00c4HRIGE<\/strong><\/p>\n\n\n\n<p>Minderj\u00e4hrige haben nur in Begleitung von Eltern oder vollj\u00e4hrigen Verwandten Zutritt; Kinder m\u00fcssen immer in Begleitung sein, wenn sie die verschiedenen Sanit\u00e4ranlagen und Duschen benutzen. Die Direktion lehnt jede Verantwortung f\u00fcr Vorf\u00e4lle ab, an denen Kinder beteiligt sind, die nicht von ihren Eltern oder Verwandten beaufsichtigt werden.<\/p>\n\n\n\n<p><strong>TIERE<\/strong><\/p>\n\n\n\n<p>Im Interesse des Wohlergehens <strong>aller sind Hunde stets an der Leine<\/strong> zu f\u00fchren und au\u00dferhalb des Campingplatzes zu begleiten, damit sie ihre Notdurft verrichten k\u00f6nnen, wobei sie sofort aufzur\u00e4umen sind. Bei gro\u00dfen Hunden oder Hunden mit besonders dominantem Temperament ist gegebenenfalls ein Maulkorb zu tragen. Die Besitzer haften zivilrechtlich f\u00fcr alle von ihren Tieren verursachten Sch\u00e4den. <strong>Der Zugang zu den Mobilheimen ist auf kleine Haustiere beschr\u00e4nkt und bedarf der Genehmigung durch die Direktion.<\/strong><\/p>\n\n\n\n<p><strong>VERBOTE UND SICHERHEIT<\/strong><\/p>\n\n\n\n<p>Es ist strengstens untersagt<\/p>\n\n\n\n<ul class=\"wp-block-list\">\n<li>den Inhalt von Chemikalient\u00f6pfen, andere Fl\u00fcssigkeiten oder Abf\u00e4lle, einschlie\u00dflich Kaffeesatz, auf dem Campingplatz zu versch\u00fctten oder auszukippen;<\/li>\n\n\n\n<li>Materialien in die Toiletten zu werfen, die das Abwassersystem verstopfen k\u00f6nnten. Die Abf\u00e4lle m\u00fcssen in den daf\u00fcr vorgesehenen Beh\u00e4ltern entsorgt werden, die sich in einem bestimmten Bereich befinden;<\/li>\n\n\n\n<li>das Waschen von Autos, Wohnwagen, Booten usw.<\/li>\n\n\n\n<li>jede Art von Zaun zu bauen;<\/li>\n\n\n\n<li>das Anbinden von Seilen jeglicher Art an Pflanzen, Pf\u00e4hlen oder anderen St\u00fctzen. Um Gefahren zu vermeiden, ist es verboten, Seile zum Aufh\u00e4ngen von W\u00e4sche zu verwenden. Bei Bedarf kann an der Rezeption eine W\u00e4scheleine gemietet werden (1,00 \u20ac\/Tag).<\/li>\n<\/ul>\n\n\n\n<p>Aus Gr\u00fcnden der Sicherheit und des Anstands beh\u00e4lt sich die Direktion das Recht vor, jegliche Ausr\u00fcstung, auch die des Gastes, zu entfernen, wenn sie nicht den Vorschriften entspricht.<\/p>\n\n\n\n<p><strong>AUTOS<\/strong><\/p>\n\n\n\n<p>Aus Sicherheitsgr\u00fcnden m\u00fcssen die Autos im Freien geparkt werden. Zu diesem Zweck haben wir einen Parkplatz auf der linken Seite der Stra\u00dfe eingerichtet, wenn Sie den Campingplatz verlassen. Es ist m\u00f6glich, mit dem Auto zum Stellplatz zu fahren, wenn Sie ankommen, wenn Sie einkaufen gehen oder am Ende Ihres Aufenthaltes, um alle Ihre Sachen zu verladen.<\/p>\n\n\n\n<p><strong>Es ist verboten, innerhalb des Campingplatzes mit einer Geschwindigkeit von mehr als 5 km pro Stunde zu fahren.<\/strong> Die Fahrtrichtung ist zwingend einzuhalten.<\/p>\n\n\n\n<p><strong>Bei schlechtem Wetter ist das Fahren und Parken von Autos innerhalb des Campingplatzes absolut verboten.<\/strong><\/p>\n\n\n\n<p>Motorr\u00e4der d\u00fcrfen w\u00e4hrend der Ruhezeiten mit ausgeschaltetem Motor ein- und ausfahren.<\/p>\n\n\n\n<p><strong>STILLE STUNDEN<\/strong><\/p>\n\n\n\n<p>Um die Ruhe aller zu gew\u00e4hrleisten, ist die Einhaltung der Ruhezeiten von 13:00 bis 15:00 Uhr und von 23:00 bis 8:00 Uhr obligatorisch.<\/p>\n\n\n\n<p>W\u00e4hrend dieser Zeiten ist das Befahren des Campingplatzes mit Autos und Motorr\u00e4dern untersagt. Das Tor wird geschlossen sein. Wer sein eigenes Fahrzeug ben\u00f6tigt, muss es vor Beginn der Ruhezeiten au\u00dferhalb des Campingplatzes abstellen.<\/p>\n\n\n\n<p>Au\u00dfer in besonderen F\u00e4llen, die der Direktion im Voraus mitzuteilen sind, oder in au\u00dferordentlich dringenden F\u00e4llen ist das Befahren des Campingplatzes von 13.00 bis 15.00 Uhr absolut verboten.<\/p>\n\n\n\n<p>Mit R\u00fccksicht auf die Ruhe sind alle G\u00e4ste verpflichtet, Verhaltensweisen, Aktivit\u00e4ten, Spiele und die Verwendung von Ger\u00e4ten (Musik, Licht) zu vermeiden, die au\u00dferhalb der ausgewiesenen Bereiche St\u00f6rungen verursachen k\u00f6nnten.<\/p>\n\n\n\n<p>In jedem Fall sind die Kunden auch au\u00dferhalb der Ruhezeiten gehalten, andere nicht durch \u00fcberm\u00e4\u00dfigen L\u00e4rm und \u00fcberm\u00e4\u00dfiges Verhalten zu st\u00f6ren.<\/p>\n\n\n\n<p><strong>WERTERHALTUNG<\/strong><\/p>\n\n\n\n<p>Alle auf dem Campingplatz und in den Toiletten gefundenen Gegenst\u00e4nde m\u00fcssen der Direktion \u00fcbergeben werden. Camping al Lago \u00fcbernimmt keine Haftung f\u00fcr Verlust oder Diebstahl von Gegenst\u00e4nden.<\/p>\n\n\n\n<p><strong>R\u00dcCKSICHTNAHME AUF DIE UMWELT<\/strong><\/p>\n\n\n\n<p>F\u00fcr Ordnung und Sauberkeit ist der Kunde verantwortlich. Der Abfall muss in durchsichtigen Bio-Beuteln verschlossen in den daf\u00fcr vorgesehenen Beh\u00e4ltern am Eingang des Campingplatzes entsorgt werden. Glas, Papier und Plastik werden getrennt gesammelt. Bitte werfen Sie keinen M\u00fcll in die Umwelt. Die Bewohner des Seecampingplatzes w\u00fcnschen sich eine saubere Umwelt.<\/p>\n\n\n\n<p><strong>GEMEINSAME BEREICHE<\/strong><\/p>\n\n\n\n<p>Die Gemeinschaftsr\u00e4ume sind ein wertvoller Ort der Begegnung und des Austauschs. Jeder von uns kann dazu beitragen, unsere eigene Harmonie zu bewahren, indem wir anderen gegen\u00fcber respektvoll sind und sie sauber und ordentlich halten. Denken Sie daran, W\u00e4sche und Geschirr nur in den daf\u00fcr vorgesehenen Sp\u00fclbecken zu sp\u00fclen, vorzugsweise au\u00dferhalb der Ruhezeiten.<\/p>\n\n\n\n<p><strong>ELEKTRISCHES SYSTEM<\/strong><\/p>\n\n\n\n<p>Die Stromzufuhr zu den Stellpl\u00e4tzen betr\u00e4gt 6 A und ist auf der Grundlage des Verbrauchs von Ger\u00e4ten mit geringem Stromverbrauch berechnet. Ger\u00e4te wie Heizungen, Herde, Warmwasserbereiter usw. sind daher nicht zugelassen.<\/p>\n\n\n\n<p>Die elektrische Anlage:<\/p>\n\n\n\n<p>&#8211; kann jederzeit vom Personal der Direktion kontrolliert werden;<\/p>\n\n\n\n<p>&#8211; ein dreipoliges, geerdetes Kabel ist obligatorisch (gem\u00e4\u00df den C.E.E.-Normen).<\/p>\n\n\n\n<p>Im Falle einer Unterbrechung der Stromversorgung durch Enel Distribuzione oder der Wasserversorgung durch die Bim lehnt die Direktion jede Verantwortung ab und haftet nicht f\u00fcr Sch\u00e4den an Personen oder Sachen.<\/p>\n\n\n\n<p><strong>HAFTUNG<\/strong><\/p>\n\n\n\n<p>Camping al Lago haftet nicht f\u00fcr Personen- oder Sachsch\u00e4den, die durch Naturkatastrophen, Vandalismus oder umst\u00fcrzende B\u00e4ume oder \u00c4ste entstehen.<\/p>\n\n\n\n<p>F\u00fcr Unf\u00e4lle, die sich bei der Aus\u00fcbung von Sport und Freizeitbesch\u00e4ftigungen auf dem Gel\u00e4nde des Campingplatzes ereignen, haftet das Unternehmen nur dann, wenn diese durch interne St\u00f6rungen oder Fahrl\u00e4ssigkeit seitens Camping al Lago verursacht wurden. Verletzungen, die z.B. durch Spielen oder zuf\u00e4llige St\u00fcrze verursacht werden, sind von der Versicherung nicht gedeckt.<\/p>\n\n\n\n<p>Die Direktion beh\u00e4lt sich das Recht vor, G\u00e4ste, die nach eigenem Ermessen die Ruhe st\u00f6ren oder gegen die oben genannten Regeln versto\u00dfen, des Platzes zu verweisen.<\/p>\n\n\n\n<p>Im Falle einer vorzeitigen Abreise in Bezug auf die Buchung haben Sie keinen Anspruch auf R\u00fcckerstattung oder Erm\u00e4\u00dfigung, und der Aufenthalt wird vollst\u00e4ndig bezahlt, auch wenn er nicht genutzt wird.<\/p>\n\n\n\n<p><strong>Aufgrund von Covid-19 k\u00f6nnen sich die Zeiten \u00e4ndern<\/strong><\/p>\n\n\n\n<p><strong>Die Gesch\u00e4ftsf\u00fchrung beh\u00e4lt sich das Recht auf Zulassung vor<\/strong><br><br><strong>Die Campingplatzleitung beh\u00e4lt sich das Recht vor, den G\u00e4sten, die auch nur eine der oben aufgef\u00fchrten Vorschriften mi\u00dfachten, einen Platzverweis zu erteilen.<\/strong><\/p>\n","protected":false},"excerpt":{"rendered":"<p>CHECK-IN Der Campingplatz ist f\u00fcr Camper und deren G\u00e4ste reserviert, die gem\u00e4\u00df den PS-Vorschriften ordnungsgem\u00e4\u00df angemeldet sind. F\u00fcr den Zugang [&hellip;]<\/p>\n","protected":false},"author":1,"featured_media":0,"parent":1334,"menu_order":0,"comment_status":"closed","ping_status":"closed","template":"","meta":{"_acf_changed":false,"inline_featured_image":false,"footnotes":""},"class_list":["post-1333","page","type-page","status-publish","hentry"],"acf":[],"featured_image_src":null,"yoast_head":"<title>Platzordnung<\/title>\n<meta name=\"robots\" content=\"index, follow, max-snippet:-1, max-image-preview:large, max-video-preview:-1\" \/>\n<link rel=\"canonical\" href=\"https:\/\/www.campingallagodilago.it\/de\/campingplatz\/platzordnung\/\" \/>\n<meta property=\"og:locale\" content=\"de_DE\" \/>\n<meta property=\"og:type\" content=\"article\" \/>\n<meta property=\"og:title\" content=\"Platzordnung\" \/>\n<meta property=\"og:description\" content=\"CHECK-IN Der Campingplatz ist f\u00fcr Camper und deren G\u00e4ste reserviert, die gem\u00e4\u00df den PS-Vorschriften ordnungsgem\u00e4\u00df angemeldet sind. F\u00fcr den Zugang [&hellip;]\" \/>\n<meta property=\"og:url\" content=\"https:\/\/www.campingallagodilago.it\/de\/campingplatz\/platzordnung\/\" \/>\n<meta property=\"og:site_name\" content=\"Camping al lago di Lago\" \/>\n<meta property=\"article:modified_time\" content=\"2024-11-18T14:36:41+00:00\" \/>\n<meta name=\"twitter:card\" content=\"summary_large_image\" \/>\n<meta name=\"twitter:label1\" content=\"Gesch\u00e4tzte Lesezeit\" \/>\n\t<meta name=\"twitter:data1\" content=\"5\u00a0Minuten\" \/>\n<script type=\"application\/ld+json\" class=\"yoast-schema-graph\">{\"@context\":\"https:\/\/schema.org\",\"@graph\":[{\"@type\":\"WebPage\",\"@id\":\"https:\/\/www.campingallagodilago.it\/de\/campingplatz\/platzordnung\/\",\"url\":\"https:\/\/www.campingallagodilago.it\/de\/campingplatz\/platzordnung\/\",\"name\":\"Platzordnung\",\"isPartOf\":{\"@id\":\"https:\/\/www.campingallagodilago.it\/de\/#website\"},\"datePublished\":\"2023-05-26T07:50:10+00:00\",\"dateModified\":\"2024-11-18T14:36:41+00:00\",\"breadcrumb\":{\"@id\":\"https:\/\/www.campingallagodilago.it\/de\/campingplatz\/platzordnung\/#breadcrumb\"},\"inLanguage\":\"de\",\"potentialAction\":[{\"@type\":\"ReadAction\",\"target\":[\"https:\/\/www.campingallagodilago.it\/de\/campingplatz\/platzordnung\/\"]}]},{\"@type\":\"BreadcrumbList\",\"@id\":\"https:\/\/www.campingallagodilago.it\/de\/campingplatz\/platzordnung\/#breadcrumb\",\"itemListElement\":[{\"@type\":\"ListItem\",\"position\":1,\"name\":\"Campingplatz\",\"item\":\"https:\/\/www.campingallagodilago.it\/de\/campingplatz\/\"},{\"@type\":\"ListItem\",\"position\":2,\"name\":\"Platzordnung\"}]},{\"@type\":\"WebSite\",\"@id\":\"https:\/\/www.campingallagodilago.it\/de\/#website\",\"url\":\"https:\/\/www.campingallagodilago.it\/de\/\",\"name\":\"Camping al lago di Lago\",\"description\":\"\",\"publisher\":{\"@id\":\"https:\/\/www.campingallagodilago.it\/de\/#organization\"},\"potentialAction\":[{\"@type\":\"SearchAction\",\"target\":{\"@type\":\"EntryPoint\",\"urlTemplate\":\"https:\/\/www.campingallagodilago.it\/de\/?s={search_term_string}\"},\"query-input\":{\"@type\":\"PropertyValueSpecification\",\"valueRequired\":true,\"valueName\":\"search_term_string\"}}],\"inLanguage\":\"de\"},{\"@type\":\"Organization\",\"@id\":\"https:\/\/www.campingallagodilago.it\/de\/#organization\",\"name\":\"Camping al lago di Lago\",\"url\":\"https:\/\/www.campingallagodilago.it\/de\/\",\"logo\":{\"@type\":\"ImageObject\",\"inLanguage\":\"de\",\"@id\":\"https:\/\/www.campingallagodilago.it\/de\/#\/schema\/logo\/image\/\",\"url\":\"https:\/\/www.campingallagodilago.it\/wp-content\/uploads\/2023\/04\/camping-al-lago-di-lago-logo.svg\",\"contentUrl\":\"https:\/\/www.campingallagodilago.it\/wp-content\/uploads\/2023\/04\/camping-al-lago-di-lago-logo.svg\",\"width\":120,\"height\":120,\"caption\":\"Camping al lago di Lago\"},\"image\":{\"@id\":\"https:\/\/www.campingallagodilago.it\/de\/#\/schema\/logo\/image\/\"}}]}<\/script>","yoast_head_json":{"title":"Platzordnung","robots":{"index":"index","follow":"follow","max-snippet":"max-snippet:-1","max-image-preview":"max-image-preview:large","max-video-preview":"max-video-preview:-1"},"canonical":"https:\/\/www.campingallagodilago.it\/de\/campingplatz\/platzordnung\/","og_locale":"de_DE","og_type":"article","og_title":"Platzordnung","og_description":"CHECK-IN Der Campingplatz ist f\u00fcr Camper und deren G\u00e4ste reserviert, die gem\u00e4\u00df den PS-Vorschriften ordnungsgem\u00e4\u00df angemeldet sind. F\u00fcr den Zugang [&hellip;]","og_url":"https:\/\/www.campingallagodilago.it\/de\/campingplatz\/platzordnung\/","og_site_name":"Camping al lago di Lago","article_modified_time":"2024-11-18T14:36:41+00:00","twitter_card":"summary_large_image","twitter_misc":{"Gesch\u00e4tzte Lesezeit":"5\u00a0Minuten"},"schema":{"@context":"https:\/\/schema.org","@graph":[{"@type":"WebPage","@id":"https:\/\/www.campingallagodilago.it\/de\/campingplatz\/platzordnung\/","url":"https:\/\/www.campingallagodilago.it\/de\/campingplatz\/platzordnung\/","name":"Platzordnung","isPartOf":{"@id":"https:\/\/www.campingallagodilago.it\/de\/#website"},"datePublished":"2023-05-26T07:50:10+00:00","dateModified":"2024-11-18T14:36:41+00:00","breadcrumb":{"@id":"https:\/\/www.campingallagodilago.it\/de\/campingplatz\/platzordnung\/#breadcrumb"},"inLanguage":"de","potentialAction":[{"@type":"ReadAction","target":["https:\/\/www.campingallagodilago.it\/de\/campingplatz\/platzordnung\/"]}]},{"@type":"BreadcrumbList","@id":"https:\/\/www.campingallagodilago.it\/de\/campingplatz\/platzordnung\/#breadcrumb","itemListElement":[{"@type":"ListItem","position":1,"name":"Campingplatz","item":"https:\/\/www.campingallagodilago.it\/de\/campingplatz\/"},{"@type":"ListItem","position":2,"name":"Platzordnung"}]},{"@type":"WebSite","@id":"https:\/\/www.campingallagodilago.it\/de\/#website","url":"https:\/\/www.campingallagodilago.it\/de\/","name":"Camping al lago di Lago","description":"","publisher":{"@id":"https:\/\/www.campingallagodilago.it\/de\/#organization"},"potentialAction":[{"@type":"SearchAction","target":{"@type":"EntryPoint","urlTemplate":"https:\/\/www.campingallagodilago.it\/de\/?s={search_term_string}"},"query-input":{"@type":"PropertyValueSpecification","valueRequired":true,"valueName":"search_term_string"}}],"inLanguage":"de"},{"@type":"Organization","@id":"https:\/\/www.campingallagodilago.it\/de\/#organization","name":"Camping al lago di Lago","url":"https:\/\/www.campingallagodilago.it\/de\/","logo":{"@type":"ImageObject","inLanguage":"de","@id":"https:\/\/www.campingallagodilago.it\/de\/#\/schema\/logo\/image\/","url":"https:\/\/www.campingallagodilago.it\/wp-content\/uploads\/2023\/04\/camping-al-lago-di-lago-logo.svg","contentUrl":"https:\/\/www.campingallagodilago.it\/wp-content\/uploads\/2023\/04\/camping-al-lago-di-lago-logo.svg","width":120,"height":120,"caption":"Camping al lago di Lago"},"image":{"@id":"https:\/\/www.campingallagodilago.it\/de\/#\/schema\/logo\/image\/"}}]}},"_links":{"self":[{"href":"https:\/\/www.campingallagodilago.it\/de\/wp-json\/wp\/v2\/pages\/1333","targetHints":{"allow":["GET"]}}],"collection":[{"href":"https:\/\/www.campingallagodilago.it\/de\/wp-json\/wp\/v2\/pages"}],"about":[{"href":"https:\/\/www.campingallagodilago.it\/de\/wp-json\/wp\/v2\/types\/page"}],"author":[{"embeddable":true,"href":"https:\/\/www.campingallagodilago.it\/de\/wp-json\/wp\/v2\/users\/1"}],"replies":[{"embeddable":true,"href":"https:\/\/www.campingallagodilago.it\/de\/wp-json\/wp\/v2\/comments?post=1333"}],"version-history":[{"count":2,"href":"https:\/\/www.campingallagodilago.it\/de\/wp-json\/wp\/v2\/pages\/1333\/revisions"}],"predecessor-version":[{"id":1969,"href":"https:\/\/www.campingallagodilago.it\/de\/wp-json\/wp\/v2\/pages\/1333\/revisions\/1969"}],"up":[{"embeddable":true,"href":"https:\/\/www.campingallagodilago.it\/de\/wp-json\/wp\/v2\/pages\/1334"}],"wp:attachment":[{"href":"https:\/\/www.campingallagodilago.it\/de\/wp-json\/wp\/v2\/media?parent=1333"}],"curies":[{"name":"wp","href":"https:\/\/api.w.org\/{rel}","templated":true}]}}