{"id":1323,"date":"2023-05-26T10:25:55","date_gmt":"2023-05-26T08:25:55","guid":{"rendered":"https:\/\/www.campingallagodilago.it\/lido-prealpino-e-il-lago\/"},"modified":"2024-04-05T16:47:08","modified_gmt":"2024-04-05T14:47:08","slug":"lido-prealpino-e-il-lago","status":"publish","type":"page","link":"https:\/\/www.campingallagodilago.it\/de\/sehenswuerdigkeiten\/lido-prealpino-e-il-lago\/","title":{"rendered":"Lido Prealpino"},"content":{"rendered":"\n<h2 class=\"wp-block-heading is-style-mediumtitle\">In Tarzo gibt es einen See am Fu\u00dfe der Venetischen Voralpen inmitten der zauberhaften Heimat des Proseccoweins mit einer Sonne, die bei Sonnenuntergang in ihn einzutauchen und sanft in seinen Wassern zu erl\u00f6schen scheint.<\/h2>\n\n\n\n<div class=\"wp-block-cover is-light\" style=\"min-height:600px;aspect-ratio:unset;\"><span aria-hidden=\"true\" class=\"wp-block-cover__background has-background-dim-0 has-background-dim\"><\/span><img loading=\"lazy\" decoding=\"async\" width=\"1920\" height=\"1440\" class=\"wp-block-cover__image-background wp-image-667\" alt=\"\" src=\"https:\/\/www.campingallagodilago.it\/wp-content\/uploads\/2023\/06\/IMG_9323.jpg\" style=\"object-position:48% 84%\" data-object-fit=\"cover\" data-object-position=\"48% 84%\" srcset=\"https:\/\/www.campingallagodilago.it\/wp-content\/uploads\/2023\/06\/IMG_9323.jpg 1920w, https:\/\/www.campingallagodilago.it\/wp-content\/uploads\/2023\/06\/IMG_9323-1600x1200.jpg 1600w, https:\/\/www.campingallagodilago.it\/wp-content\/uploads\/2023\/06\/IMG_9323-768x576.jpg 768w, https:\/\/www.campingallagodilago.it\/wp-content\/uploads\/2023\/06\/IMG_9323-1536x1152.jpg 1536w, https:\/\/www.campingallagodilago.it\/wp-content\/uploads\/2023\/06\/IMG_9323-700x525.jpg 700w\" sizes=\"auto, (max-width: 1920px) 100vw, 1920px\" \/><div class=\"wp-block-cover__inner-container\">\n<p class=\"has-text-align-center has-large-font-size\"><\/p>\n<\/div><\/div>\n\n\n\n<div style=\"height:30px\" aria-hidden=\"true\" class=\"wp-block-spacer\"><\/div>\n\n\n\n<p>Das Strandbad Lido Prealpino \u2013 mit Spielplatz, Campingplatz und Schwimmbad \u2013 liegt an den Ufern eben dieses antiken Sees eiszeitlichen Ursprungs in einem Gebiet, das reich ist an touristischen, historischen und weingastronomischen Angeboten.<\/p>\n\n\n\n<div style=\"height:100px\" aria-hidden=\"true\" class=\"wp-block-spacer\"><\/div>\n\n\n        <div class=\"CustomGalleryWrapper wrapper_custom_gallery-block_96412d4f826ef93a195329860d599486\">\r\n            <div class=\"container\">\r\n                <div class=\"row\">\r\n                    <div class=\"col-12 col-xl-1 NavigationWrapper\">\r\n                        <div class=\"navigation-box\">\r\n                            <div class=\"left-arrow\">\r\n                                <svg xmlns=\"http:\/\/www.w3.org\/2000\/svg\" width=\"131.447\" height=\"21.724\" viewBox=\"0 0 131.447 21.724\">\r\n                                <g id=\"Raggruppa_69\" data-name=\"Raggruppa 69\" transform=\"translate(1580.947 1159.987) rotate(180)\">\r\n                                <path id=\"Tracciato_36\" data-name=\"Tracciato 36\" d=\"M0,0H130.026\" transform=\"translate(1449.5 1149.289)\" fill=\"#9FBA0A\" stroke=\"#9FBA0A\" stroke-width=\"2\"\/>\r\n                                <path id=\"Tracciato_12\" data-name=\"Tracciato 12\" d=\"M1813.346,1120.451l10.239,10.152-10.239,10.152\" transform=\"translate(-244.059 18.523)\" fill=\"none\" stroke=\"#9FBA0A\" stroke-width=\"2\"\/>\r\n                                <\/g>\r\n                                <\/svg>\r\n                            <\/div>\r\n                            <div class=\"right-arrow\">\r\n                                <svg xmlns=\"http:\/\/www.w3.org\/2000\/svg\" width=\"131.447\" height=\"21.724\" viewBox=\"0 0 131.447 21.724\">\r\n                                <g id=\"Raggruppa_3\" data-name=\"Raggruppa 3\" transform=\"translate(-1449.5 -1138.264)\">\r\n                                <path id=\"Tracciato_36\" data-name=\"Tracciato 36\" d=\"M0,0H130.026\" transform=\"translate(1449.5 1149.289)\" fill=\"#9FBA0A\" stroke=\"#9FBA0A\" stroke-width=\"2\"\/>\r\n                                <path id=\"Tracciato_12\" data-name=\"Tracciato 12\" d=\"M1813.346,1120.451l10.239,10.152-10.239,10.152\" transform=\"translate(-244.059 18.523)\" fill=\"none\" stroke=\"#9FBA0A\" stroke-width=\"2\"\/>\r\n                                <\/g>\r\n                                <\/svg>\r\n                            <\/div>\r\n                        <\/div>\r\n                    <\/div>\r\n                    <div class=\"col-12 col-xl-11\">\r\n                        <div id=\"custom_gallery-block_96412d4f826ef93a195329860d599486\" class=\"swiper-container custom_gallery\">\r\n                            <div class=\"swiper-wrapper\">\r\n                                                                    <div class=\"swiper-slide\"><a href=\"https:\/\/www.campingallagodilago.it\/wp-content\/uploads\/2023\/06\/IMG_5047.jpg\" data-fancybox=\"gallery_custom_gallery-block_96412d4f826ef93a195329860d599486\"><img srcset=\"https:\/\/www.campingallagodilago.it\/wp-content\/uploads\/2023\/06\/IMG_5047-700x500.jpg\" loading=\"lazy\"><div class=\"swiper-lazy-preloader swiper-lazy-preloader-white\"><\/div><\/a><\/div>\r\n                                                                        <div class=\"swiper-slide\"><a href=\"https:\/\/www.campingallagodilago.it\/wp-content\/uploads\/2023\/06\/IMG_4978.jpg\" data-fancybox=\"gallery_custom_gallery-block_96412d4f826ef93a195329860d599486\"><img srcset=\"https:\/\/www.campingallagodilago.it\/wp-content\/uploads\/2023\/06\/IMG_4978-700x500.jpg\" loading=\"lazy\"><div class=\"swiper-lazy-preloader swiper-lazy-preloader-white\"><\/div><\/a><\/div>\r\n                                                                        <div class=\"swiper-slide\"><a href=\"https:\/\/www.campingallagodilago.it\/wp-content\/uploads\/2023\/06\/IMG_0739.jpg\" data-fancybox=\"gallery_custom_gallery-block_96412d4f826ef93a195329860d599486\"><img srcset=\"https:\/\/www.campingallagodilago.it\/wp-content\/uploads\/2023\/06\/IMG_0739-700x500.jpg\" loading=\"lazy\"><div class=\"swiper-lazy-preloader swiper-lazy-preloader-white\"><\/div><\/a><\/div>\r\n                                                                        <div class=\"swiper-slide\"><a href=\"https:\/\/www.campingallagodilago.it\/wp-content\/uploads\/2023\/06\/eb312fce-ef15-4159-a90a-bb6c25a79c5d.jpg\" data-fancybox=\"gallery_custom_gallery-block_96412d4f826ef93a195329860d599486\"><img srcset=\"https:\/\/www.campingallagodilago.it\/wp-content\/uploads\/2023\/06\/eb312fce-ef15-4159-a90a-bb6c25a79c5d-700x500.jpg\" loading=\"lazy\"><div class=\"swiper-lazy-preloader swiper-lazy-preloader-white\"><\/div><\/a><\/div>\r\n                                                                <\/div>\r\n                        <\/div>\r\n                    <\/div>\r\n                <\/div>\r\n            <\/div>\r\n        <\/div>\r\n        \n\n\n<div style=\"height:30px\" aria-hidden=\"true\" class=\"wp-block-spacer\"><\/div>\n\n\n\n<p><strong>GESCHICHTE DES SEES<\/strong><br>Der See ist ein Ergebnis der letzten Eiszeit, die auch als W\u00fcrm-Glazial bekannt ist und vor ca. 110.000 Jahren begann. Durch das Schmelzen der Gletscher entstand im Tal ein einziger Wasserspiegel, der im Laufe der Jahrhunderte seine heutige Form annahm. Zahlreiche Fundst\u00fccke beweisen, dass es schon ab der sp\u00e4ten Jungsteinzeit (vor ca. 6.000 Jahren) menschliche Ansiedlungen gab.<\/p>\n\n\n\n<div style=\"height:100px\" aria-hidden=\"true\" class=\"wp-block-spacer\"><\/div>\n\n\n        <div id=\"custom_gallery-block_b01ffc2c5952344b1bea119a08e5afe2\" class=\"masonry-container custom_gallery\">\r\n            <div class=\"masonry-wrapper\">\r\n                <div class=\"grid-sizer\"><\/div>\r\n                <div class=\"gutter-sizer\"><\/div>\r\n                                    <div class=\"masonry-img\"><div><a class=\"image_box_descr_img\" href=\"https:\/\/www.campingallagodilago.it\/wp-content\/uploads\/2023\/05\/Territorio-ed-eventi.jpg\" data-fancybox=\"gallery_custom_gallery-block_b01ffc2c5952344b1bea119a08e5afe2\"><img decoding=\"async\" src=\"https:\/\/www.campingallagodilago.it\/wp-content\/uploads\/2023\/05\/Territorio-ed-eventi-700x466.jpg\"><\/a><\/div><\/div>\r\n                                        <div class=\"masonry-img\"><div><a class=\"image_box_descr_img\" href=\"https:\/\/www.campingallagodilago.it\/wp-content\/uploads\/2023\/06\/IMG_0840.jpg\" data-fancybox=\"gallery_custom_gallery-block_b01ffc2c5952344b1bea119a08e5afe2\"><img decoding=\"async\" src=\"https:\/\/www.campingallagodilago.it\/wp-content\/uploads\/2023\/06\/IMG_0840-467x700.jpg\"><\/a><\/div><\/div>\r\n                                        <div class=\"masonry-img\"><div><a class=\"image_box_descr_img\" href=\"https:\/\/www.campingallagodilago.it\/wp-content\/uploads\/2023\/06\/963fe014-ac60-4660-bd3c-6e2909d97ae4.jpg\" data-fancybox=\"gallery_custom_gallery-block_b01ffc2c5952344b1bea119a08e5afe2\"><img decoding=\"async\" src=\"https:\/\/www.campingallagodilago.it\/wp-content\/uploads\/2023\/06\/963fe014-ac60-4660-bd3c-6e2909d97ae4-700x466.jpg\"><\/a><\/div><\/div>\r\n                                        <div class=\"masonry-img\"><div><a class=\"image_box_descr_img\" href=\"https:\/\/www.campingallagodilago.it\/wp-content\/uploads\/2023\/06\/42c69cba-7522-4733-83e2-ce5b4251ad60.jpg\" data-fancybox=\"gallery_custom_gallery-block_b01ffc2c5952344b1bea119a08e5afe2\"><img decoding=\"async\" src=\"https:\/\/www.campingallagodilago.it\/wp-content\/uploads\/2023\/06\/42c69cba-7522-4733-83e2-ce5b4251ad60.jpg\"><\/a><\/div><\/div>\r\n                                        <div class=\"masonry-img\"><div><a class=\"image_box_descr_img\" href=\"https:\/\/www.campingallagodilago.it\/wp-content\/uploads\/2023\/06\/IMG_0833.jpg\" data-fancybox=\"gallery_custom_gallery-block_b01ffc2c5952344b1bea119a08e5afe2\"><img decoding=\"async\" src=\"https:\/\/www.campingallagodilago.it\/wp-content\/uploads\/2023\/06\/IMG_0833-467x700.jpg\"><\/a><\/div><\/div>\r\n                                        <div class=\"masonry-img\"><div><a class=\"image_box_descr_img\" href=\"https:\/\/www.campingallagodilago.it\/wp-content\/uploads\/2023\/06\/IMG_0924.jpg\" data-fancybox=\"gallery_custom_gallery-block_b01ffc2c5952344b1bea119a08e5afe2\"><img decoding=\"async\" src=\"https:\/\/www.campingallagodilago.it\/wp-content\/uploads\/2023\/06\/IMG_0924-467x700.jpg\"><\/a><\/div><\/div>\r\n                                        <div class=\"masonry-img\"><div><a class=\"image_box_descr_img\" href=\"https:\/\/www.campingallagodilago.it\/wp-content\/uploads\/2023\/06\/IMG_0770.jpg\" data-fancybox=\"gallery_custom_gallery-block_b01ffc2c5952344b1bea119a08e5afe2\"><img decoding=\"async\" src=\"https:\/\/www.campingallagodilago.it\/wp-content\/uploads\/2023\/06\/IMG_0770-700x467.jpg\"><\/a><\/div><\/div>\r\n                                        <div class=\"masonry-img\"><div><a class=\"image_box_descr_img\" href=\"https:\/\/www.campingallagodilago.it\/wp-content\/uploads\/2023\/06\/IMG_0779.jpg\" data-fancybox=\"gallery_custom_gallery-block_b01ffc2c5952344b1bea119a08e5afe2\"><img decoding=\"async\" src=\"https:\/\/www.campingallagodilago.it\/wp-content\/uploads\/2023\/06\/IMG_0779-700x467.jpg\"><\/a><\/div><\/div>\r\n                                        <div class=\"masonry-img\"><div><a class=\"image_box_descr_img\" href=\"https:\/\/www.campingallagodilago.it\/wp-content\/uploads\/2023\/06\/IMG_6975.jpg\" data-fancybox=\"gallery_custom_gallery-block_b01ffc2c5952344b1bea119a08e5afe2\"><img decoding=\"async\" src=\"https:\/\/www.campingallagodilago.it\/wp-content\/uploads\/2023\/06\/IMG_6975-700x525.jpg\"><\/a><\/div><\/div>\r\n                                <\/div>\r\n        <\/div>\r\n        <script>\r\n        imagesLoaded( document.querySelector('#custom_gallery-block_b01ffc2c5952344b1bea119a08e5afe2'), function( instance )\r\n            {\r\n            $('#custom_gallery-block_b01ffc2c5952344b1bea119a08e5afe2 .masonry-wrapper').masonry(\r\n                {\r\n                itemSelector: '.masonry-img',\r\n                columnWidth: '.grid-sizer',\r\n                percentPosition: true\r\n                });\r\n            });\r\n        <\/script>\r\n        \n\n\n<p><strong>REGION<\/strong><\/p>\n\n\n\n<p>Die Heimat des Prosecco, die heute Unesco-Welterbekandidatin ist, umfasst 20.000 Hektar und f\u00fcnfzehn Gemeinden, um den Touristen malerische Ausblicke auf Weinberge zu schenken, die entlang der H\u00fcgel und H\u00e4nge emporziehen. Mehr als 1000 Jahr Weinbaukultur in einem st\u00e4ndigen Austausch zwischen Mensch und Natur ausgerichtet auf das \u00dcberleben und die Erhaltung eines in seiner Art einzigartigen Landschaftssystems sowie verbunden mit echten Meistern des italienischen Rinascimento wie Bellini und Cima da Conegliano.<\/p>\n\n\n\n<p>Wir befinden uns im Herzen der Alta Marca Trevigiana, in einem Landstrich, der zu Besichtigungen einl\u00e4dt, aber auch viel Lebensart, Gutes aus K\u00fcche und Keller, Geschichte und Kultur zu bieten hat und \u00fcber ein breitgef\u00e4chertes Angebot f\u00fcr Wandertouren, Trekking oder andere Sportarten wie Gleitschirmfliegen, Mountainbiking und Canoening verf\u00fcgt.<\/p>\n\n\n\n<p>F\u00fcr weiterf\u00fchrende Informationen zu historischen, kulturellen, \u00f6nogastronomischen und Landschaftstouren durch das Gebiet des Lido Prealpino besuchen Sie bitte<\/p>\n\n\n\n<p><a href=\"http:\/\/tarzointorno.it\/index.html\" target=\"_blank\" rel=\"noreferrer noopener\">tarzointorno.it<\/a><br><a href=\"http:\/\/www.marcatreviso.it\/\" target=\"_blank\" rel=\"noreferrer noopener\">marcatreviso.it<\/a><br><a href=\"http:\/\/www.altamarca.it\/\" target=\"_blank\" rel=\"noreferrer noopener\">altamarca.it<\/a><\/p>\n\n\n\n<div style=\"height:100px\" aria-hidden=\"true\" class=\"wp-block-spacer\"><\/div>\n\n\n    <div id=\"custom_cta-block_b32ae9a3c641d573a3c8248019affb8a\" class=\"custom_cta\">\r\n        <div class=\"CTA_Wrapper\">\r\n    <div class=\"CTA_Text_Wrapper\">\r\n        <div class=\"CTA_Title is-style-bigtitle\">Ein verzauberter Ort<\/div>\r\n        <div class=\"CTA_Descr\"><p>Was halten Sie davon, ein paar Tage bei uns zu verbringen?<\/p>\n<\/div>\r\n                    <div class=\"CTA_Link\"><a href=\"https:\/\/www.campingallagodilago.it\/de\/campingplatz\/campingplatz-preise\/\" class=\"contentlist_single_link\">ENTDECKEN SIE UNSERE PREISE<\/a><\/div>\r\n                <\/div>\r\n    <div class=\"CTA_Img_Wrapper\">\r\n        <img decoding=\"async\" src=\"https:\/\/www.campingallagodilago.it\/wp-content\/uploads\/2023\/06\/IMG_0888-700x500.jpg\">\r\n    <\/div>\r\n<\/div>    <\/div>\r\n    ","protected":false},"excerpt":{"rendered":"<p>In Tarzo gibt es einen See am Fu\u00dfe der Venetischen Voralpen inmitten der zauberhaften Heimat des Proseccoweins mit einer Sonne, [&hellip;]<\/p>\n","protected":false},"author":1,"featured_media":446,"parent":1328,"menu_order":0,"comment_status":"closed","ping_status":"closed","template":"","meta":{"_acf_changed":false,"inline_featured_image":false,"footnotes":""},"class_list":["post-1323","page","type-page","status-publish","has-post-thumbnail","hentry"],"acf":[],"featured_image_src":"https:\/\/www.campingallagodilago.it\/wp-content\/uploads\/2023\/06\/IMG_0765.jpg","yoast_head":"<title>Lido Prealpino<\/title>\n<meta name=\"robots\" content=\"index, follow, max-snippet:-1, max-image-preview:large, max-video-preview:-1\" \/>\n<link rel=\"canonical\" href=\"https:\/\/www.campingallagodilago.it\/de\/sehenswuerdigkeiten\/lido-prealpino-e-il-lago\/\" \/>\n<meta property=\"og:locale\" content=\"de_DE\" \/>\n<meta property=\"og:type\" content=\"article\" \/>\n<meta property=\"og:title\" content=\"Lido Prealpino\" \/>\n<meta property=\"og:description\" content=\"In Tarzo gibt es einen See am Fu\u00dfe der Venetischen Voralpen inmitten der zauberhaften Heimat des Proseccoweins mit einer Sonne, [&hellip;]\" \/>\n<meta property=\"og:url\" content=\"https:\/\/www.campingallagodilago.it\/de\/sehenswuerdigkeiten\/lido-prealpino-e-il-lago\/\" \/>\n<meta property=\"og:site_name\" content=\"Camping al lago di Lago\" \/>\n<meta property=\"article:modified_time\" content=\"2024-04-05T14:47:08+00:00\" \/>\n<meta property=\"og:image\" content=\"https:\/\/www.campingallagodilago.it\/wp-content\/uploads\/2023\/06\/IMG_0765.jpg\" \/>\n\t<meta property=\"og:image:width\" content=\"1920\" \/>\n\t<meta property=\"og:image:height\" content=\"1280\" \/>\n\t<meta property=\"og:image:type\" content=\"image\/jpeg\" \/>\n<meta name=\"twitter:card\" content=\"summary_large_image\" \/>\n<meta name=\"twitter:label1\" content=\"Gesch\u00e4tzte Lesezeit\" \/>\n\t<meta name=\"twitter:data1\" content=\"2\u00a0Minuten\" \/>\n<script type=\"application\/ld+json\" class=\"yoast-schema-graph\">{\"@context\":\"https:\/\/schema.org\",\"@graph\":[{\"@type\":\"WebPage\",\"@id\":\"https:\/\/www.campingallagodilago.it\/de\/sehenswuerdigkeiten\/lido-prealpino-e-il-lago\/\",\"url\":\"https:\/\/www.campingallagodilago.it\/de\/sehenswuerdigkeiten\/lido-prealpino-e-il-lago\/\",\"name\":\"Lido Prealpino\",\"isPartOf\":{\"@id\":\"https:\/\/www.campingallagodilago.it\/de\/#website\"},\"primaryImageOfPage\":{\"@id\":\"https:\/\/www.campingallagodilago.it\/de\/sehenswuerdigkeiten\/lido-prealpino-e-il-lago\/#primaryimage\"},\"image\":{\"@id\":\"https:\/\/www.campingallagodilago.it\/de\/sehenswuerdigkeiten\/lido-prealpino-e-il-lago\/#primaryimage\"},\"thumbnailUrl\":\"https:\/\/www.campingallagodilago.it\/wp-content\/uploads\/2023\/06\/IMG_0765.jpg\",\"datePublished\":\"2023-05-26T08:25:55+00:00\",\"dateModified\":\"2024-04-05T14:47:08+00:00\",\"breadcrumb\":{\"@id\":\"https:\/\/www.campingallagodilago.it\/de\/sehenswuerdigkeiten\/lido-prealpino-e-il-lago\/#breadcrumb\"},\"inLanguage\":\"de\",\"potentialAction\":[{\"@type\":\"ReadAction\",\"target\":[\"https:\/\/www.campingallagodilago.it\/de\/sehenswuerdigkeiten\/lido-prealpino-e-il-lago\/\"]}]},{\"@type\":\"ImageObject\",\"inLanguage\":\"de\",\"@id\":\"https:\/\/www.campingallagodilago.it\/de\/sehenswuerdigkeiten\/lido-prealpino-e-il-lago\/#primaryimage\",\"url\":\"https:\/\/www.campingallagodilago.it\/wp-content\/uploads\/2023\/06\/IMG_0765.jpg\",\"contentUrl\":\"https:\/\/www.campingallagodilago.it\/wp-content\/uploads\/2023\/06\/IMG_0765.jpg\",\"width\":1920,\"height\":1280},{\"@type\":\"BreadcrumbList\",\"@id\":\"https:\/\/www.campingallagodilago.it\/de\/sehenswuerdigkeiten\/lido-prealpino-e-il-lago\/#breadcrumb\",\"itemListElement\":[{\"@type\":\"ListItem\",\"position\":1,\"name\":\"Sehensw\u00fcrdigkeiten\",\"item\":\"https:\/\/www.campingallagodilago.it\/de\/sehenswuerdigkeiten\/\"},{\"@type\":\"ListItem\",\"position\":2,\"name\":\"Lido Prealpino\"}]},{\"@type\":\"WebSite\",\"@id\":\"https:\/\/www.campingallagodilago.it\/de\/#website\",\"url\":\"https:\/\/www.campingallagodilago.it\/de\/\",\"name\":\"Camping al lago di Lago\",\"description\":\"\",\"publisher\":{\"@id\":\"https:\/\/www.campingallagodilago.it\/de\/#organization\"},\"potentialAction\":[{\"@type\":\"SearchAction\",\"target\":{\"@type\":\"EntryPoint\",\"urlTemplate\":\"https:\/\/www.campingallagodilago.it\/de\/?s={search_term_string}\"},\"query-input\":{\"@type\":\"PropertyValueSpecification\",\"valueRequired\":true,\"valueName\":\"search_term_string\"}}],\"inLanguage\":\"de\"},{\"@type\":\"Organization\",\"@id\":\"https:\/\/www.campingallagodilago.it\/de\/#organization\",\"name\":\"Camping al lago di Lago\",\"url\":\"https:\/\/www.campingallagodilago.it\/de\/\",\"logo\":{\"@type\":\"ImageObject\",\"inLanguage\":\"de\",\"@id\":\"https:\/\/www.campingallagodilago.it\/de\/#\/schema\/logo\/image\/\",\"url\":\"https:\/\/www.campingallagodilago.it\/wp-content\/uploads\/2023\/04\/camping-al-lago-di-lago-logo.svg\",\"contentUrl\":\"https:\/\/www.campingallagodilago.it\/wp-content\/uploads\/2023\/04\/camping-al-lago-di-lago-logo.svg\",\"width\":120,\"height\":120,\"caption\":\"Camping al lago di Lago\"},\"image\":{\"@id\":\"https:\/\/www.campingallagodilago.it\/de\/#\/schema\/logo\/image\/\"}}]}<\/script>","yoast_head_json":{"title":"Lido Prealpino","robots":{"index":"index","follow":"follow","max-snippet":"max-snippet:-1","max-image-preview":"max-image-preview:large","max-video-preview":"max-video-preview:-1"},"canonical":"https:\/\/www.campingallagodilago.it\/de\/sehenswuerdigkeiten\/lido-prealpino-e-il-lago\/","og_locale":"de_DE","og_type":"article","og_title":"Lido Prealpino","og_description":"In Tarzo gibt es einen See am Fu\u00dfe der Venetischen Voralpen inmitten der zauberhaften Heimat des Proseccoweins mit einer Sonne, [&hellip;]","og_url":"https:\/\/www.campingallagodilago.it\/de\/sehenswuerdigkeiten\/lido-prealpino-e-il-lago\/","og_site_name":"Camping al lago di Lago","article_modified_time":"2024-04-05T14:47:08+00:00","og_image":[{"width":1920,"height":1280,"url":"https:\/\/www.campingallagodilago.it\/wp-content\/uploads\/2023\/06\/IMG_0765.jpg","type":"image\/jpeg"}],"twitter_card":"summary_large_image","twitter_misc":{"Gesch\u00e4tzte Lesezeit":"2\u00a0Minuten"},"schema":{"@context":"https:\/\/schema.org","@graph":[{"@type":"WebPage","@id":"https:\/\/www.campingallagodilago.it\/de\/sehenswuerdigkeiten\/lido-prealpino-e-il-lago\/","url":"https:\/\/www.campingallagodilago.it\/de\/sehenswuerdigkeiten\/lido-prealpino-e-il-lago\/","name":"Lido Prealpino","isPartOf":{"@id":"https:\/\/www.campingallagodilago.it\/de\/#website"},"primaryImageOfPage":{"@id":"https:\/\/www.campingallagodilago.it\/de\/sehenswuerdigkeiten\/lido-prealpino-e-il-lago\/#primaryimage"},"image":{"@id":"https:\/\/www.campingallagodilago.it\/de\/sehenswuerdigkeiten\/lido-prealpino-e-il-lago\/#primaryimage"},"thumbnailUrl":"https:\/\/www.campingallagodilago.it\/wp-content\/uploads\/2023\/06\/IMG_0765.jpg","datePublished":"2023-05-26T08:25:55+00:00","dateModified":"2024-04-05T14:47:08+00:00","breadcrumb":{"@id":"https:\/\/www.campingallagodilago.it\/de\/sehenswuerdigkeiten\/lido-prealpino-e-il-lago\/#breadcrumb"},"inLanguage":"de","potentialAction":[{"@type":"ReadAction","target":["https:\/\/www.campingallagodilago.it\/de\/sehenswuerdigkeiten\/lido-prealpino-e-il-lago\/"]}]},{"@type":"ImageObject","inLanguage":"de","@id":"https:\/\/www.campingallagodilago.it\/de\/sehenswuerdigkeiten\/lido-prealpino-e-il-lago\/#primaryimage","url":"https:\/\/www.campingallagodilago.it\/wp-content\/uploads\/2023\/06\/IMG_0765.jpg","contentUrl":"https:\/\/www.campingallagodilago.it\/wp-content\/uploads\/2023\/06\/IMG_0765.jpg","width":1920,"height":1280},{"@type":"BreadcrumbList","@id":"https:\/\/www.campingallagodilago.it\/de\/sehenswuerdigkeiten\/lido-prealpino-e-il-lago\/#breadcrumb","itemListElement":[{"@type":"ListItem","position":1,"name":"Sehensw\u00fcrdigkeiten","item":"https:\/\/www.campingallagodilago.it\/de\/sehenswuerdigkeiten\/"},{"@type":"ListItem","position":2,"name":"Lido Prealpino"}]},{"@type":"WebSite","@id":"https:\/\/www.campingallagodilago.it\/de\/#website","url":"https:\/\/www.campingallagodilago.it\/de\/","name":"Camping al lago di Lago","description":"","publisher":{"@id":"https:\/\/www.campingallagodilago.it\/de\/#organization"},"potentialAction":[{"@type":"SearchAction","target":{"@type":"EntryPoint","urlTemplate":"https:\/\/www.campingallagodilago.it\/de\/?s={search_term_string}"},"query-input":{"@type":"PropertyValueSpecification","valueRequired":true,"valueName":"search_term_string"}}],"inLanguage":"de"},{"@type":"Organization","@id":"https:\/\/www.campingallagodilago.it\/de\/#organization","name":"Camping al lago di Lago","url":"https:\/\/www.campingallagodilago.it\/de\/","logo":{"@type":"ImageObject","inLanguage":"de","@id":"https:\/\/www.campingallagodilago.it\/de\/#\/schema\/logo\/image\/","url":"https:\/\/www.campingallagodilago.it\/wp-content\/uploads\/2023\/04\/camping-al-lago-di-lago-logo.svg","contentUrl":"https:\/\/www.campingallagodilago.it\/wp-content\/uploads\/2023\/04\/camping-al-lago-di-lago-logo.svg","width":120,"height":120,"caption":"Camping al lago di Lago"},"image":{"@id":"https:\/\/www.campingallagodilago.it\/de\/#\/schema\/logo\/image\/"}}]}},"_links":{"self":[{"href":"https:\/\/www.campingallagodilago.it\/de\/wp-json\/wp\/v2\/pages\/1323","targetHints":{"allow":["GET"]}}],"collection":[{"href":"https:\/\/www.campingallagodilago.it\/de\/wp-json\/wp\/v2\/pages"}],"about":[{"href":"https:\/\/www.campingallagodilago.it\/de\/wp-json\/wp\/v2\/types\/page"}],"author":[{"embeddable":true,"href":"https:\/\/www.campingallagodilago.it\/de\/wp-json\/wp\/v2\/users\/1"}],"replies":[{"embeddable":true,"href":"https:\/\/www.campingallagodilago.it\/de\/wp-json\/wp\/v2\/comments?post=1323"}],"version-history":[{"count":7,"href":"https:\/\/www.campingallagodilago.it\/de\/wp-json\/wp\/v2\/pages\/1323\/revisions"}],"predecessor-version":[{"id":1934,"href":"https:\/\/www.campingallagodilago.it\/de\/wp-json\/wp\/v2\/pages\/1323\/revisions\/1934"}],"up":[{"embeddable":true,"href":"https:\/\/www.campingallagodilago.it\/de\/wp-json\/wp\/v2\/pages\/1328"}],"wp:featuredmedia":[{"embeddable":true,"href":"https:\/\/www.campingallagodilago.it\/de\/wp-json\/wp\/v2\/media\/446"}],"wp:attachment":[{"href":"https:\/\/www.campingallagodilago.it\/de\/wp-json\/wp\/v2\/media?parent=1323"}],"curies":[{"name":"wp","href":"https:\/\/api.w.org\/{rel}","templated":true}]}}